{"id":40195,"date":"2026-01-27T18:48:26","date_gmt":"2026-01-27T18:48:26","guid":{"rendered":"https:\/\/www.deporteseli.com\/?product=calcetines-clasicos-cushioned-3"},"modified":"2026-01-27T18:48:27","modified_gmt":"2026-01-27T18:48:27","slug":"calcetines-clasicos-cushioned-3","status":"publish","type":"product","link":"https:\/\/www.deporteseli.com\/?product=calcetines-clasicos-cushioned-3","title":{"rendered":"CALCETINES CL\u00e1SICOS CUSHIONED"},"content":{"rendered":"<p>CONFORT Y ESTILO PARA TUS PIES  Estos calcetines cl\u00e1sicos de adidas te permiten moverte con comodidad tanto en los entrenamientos diarios como en las grandes ocasiones. Presentan un dise\u00f1o envolvente en el arco plantar y paneles de amortiguaci\u00f3n en el tal\u00f3n y la puntera. Conc\u00e9ntrate en rendir al m\u00e1ximo mientras corres, levantas pesas o juegas un partido con tu equipo.    Este producto contiene al menos un 70% de materiales reciclados y renovables.  Largo cl\u00e1sico  62% algod\u00f3n \/ 36% poli\u00e9ster reciclado \/ 1% elast\u00e1n \/ 1% nailon reciclado  Tres pares por paquete  Paneles acolchados en la puntera y el tal\u00f3n  Refuerzo en el arco plantar  Costuras anat\u00f3micas en la puntera  Color del art\u00edculo: White \/ Lucid Cyan \/ Lucid Lemon \/ Lucid Pink  N\u00famero de art\u00edculo: IK0352                                                                                                                                                                                                                                                                                                                                                                                                                                                                                                                                                                                                                                                                                                                                                                                                                                                                                                                                                                                                                                        <\/p>\n","protected":false},"excerpt":{"rendered":"<p>CALCETINES CL\u00e1SICOS CUSHIONED<\/p>\n","protected":false},"featured_media":54228,"template":"","meta":[],"product_brand":[],"product_cat":[400],"product_tag":[18],"class_list":{"0":"post-40195","1":"product","2":"type-product","3":"status-publish","4":"has-post-thumbnail","6":"product_cat-accesorios_calcetines","7":"product_tag-adidas","8":"pa_color-unico","9":"pa_talla-l","10":"thunk-woo-product-list","11":"opn-qv-enable","12":"open-woo-hover-","13":"open-single-product-tab-horizontal","14":"open-shadow-","15":"open-shadow-hover-","17":"first","18":"instock","19":"shipping-taxable","20":"purchasable","21":"product-type-variable"},"jetpack_sharing_enabled":true,"_links":{"self":[{"href":"https:\/\/www.deporteseli.com\/index.php?rest_route=\/wp\/v2\/product\/40195","targetHints":{"allow":["GET"]}}],"collection":[{"href":"https:\/\/www.deporteseli.com\/index.php?rest_route=\/wp\/v2\/product"}],"about":[{"href":"https:\/\/www.deporteseli.com\/index.php?rest_route=\/wp\/v2\/types\/product"}],"wp:featuredmedia":[{"embeddable":true,"href":"https:\/\/www.deporteseli.com\/index.php?rest_route=\/wp\/v2\/media\/54228"}],"wp:attachment":[{"href":"https:\/\/www.deporteseli.com\/index.php?rest_route=%2Fwp%2Fv2%2Fmedia&parent=40195"}],"wp:term":[{"taxonomy":"product_brand","embeddable":true,"href":"https:\/\/www.deporteseli.com\/index.php?rest_route=%2Fwp%2Fv2%2Fproduct_brand&post=40195"},{"taxonomy":"product_cat","embeddable":true,"href":"https:\/\/www.deporteseli.com\/index.php?rest_route=%2Fwp%2Fv2%2Fproduct_cat&post=40195"},{"taxonomy":"product_tag","embeddable":true,"href":"https:\/\/www.deporteseli.com\/index.php?rest_route=%2Fwp%2Fv2%2Fproduct_tag&post=40195"}],"curies":[{"name":"wp","href":"https:\/\/api.w.org\/{rel}","templated":true}]}}