{"id":40193,"date":"2026-01-27T18:48:24","date_gmt":"2026-01-27T18:48:24","guid":{"rendered":"https:\/\/www.deporteseli.com\/?product=balon-de-futbol-adidas-uefa-champions-clb"},"modified":"2026-01-27T18:48:25","modified_gmt":"2026-01-27T18:48:25","slug":"balon-de-futbol-adidas-uefa-champions-clb","status":"publish","type":"product","link":"https:\/\/www.deporteseli.com\/?product=balon-de-futbol-adidas-uefa-champions-clb","title":{"rendered":"BAL\u00f3N DE F\u00faTBOL ADIDAS UEFA CHAMPIONS CLB"},"content":{"rendered":"<p>Descripci\u00f3n  La pelota de f\u00fatbol adidas Ucl Clb es el bal\u00f3n perfecto para los amantes del deporte rey. Con una carcasa cosida a m\u00e1quina y fabricada con TPU reciclado, su durabilidad est\u00e1 garantizada para un uso prolongado. Adem\u00e1s, su c\u00e1mara interna de butilo proporciona un rebote adicional que har\u00e1 las delicias de los jugadores m\u00e1s exigentes. Con la insignia del deporte y la marca UCL, esta pelota es ideal para entrenar y jugar partidos. Disponible en color negro y en tama\u00f1o 5,  no te quedes sin la tuya! Hazte con la pelota de f\u00fatbol adidas Ucl Clb y vive el f\u00fatbol como nunca antes.    Caracter\u00edsticas  Carcasa cosida a m\u00e1quina  Tama\u00f1o 5  Fabricado con TPU reciclado duradero para un Uso prolongado.  C\u00e1mara interna de butilo para un rebote adicional  Insignia del deporte y la marca UCL  100% Poliuretano  Color del producto: Negro                                                                                                                                                                                                                                                                                                                                                                                                                                                                                                                                                                                                                                                                                                                                                                                                                                                                                                                                                                                                                                        <\/p>\n","protected":false},"excerpt":{"rendered":"<p>BAL\u00f3N DE F\u00faTBOL ADIDAS UEFA CHAMPIONS CLB<\/p>\n","protected":false},"featured_media":54225,"template":"","meta":[],"product_brand":[],"product_cat":[347],"product_tag":[18],"class_list":{"0":"post-40193","1":"product","2":"type-product","3":"status-publish","4":"has-post-thumbnail","6":"product_cat-deportes_balones","7":"product_tag-adidas","8":"pa_color-unico","9":"pa_talla-169","10":"thunk-woo-product-list","11":"opn-qv-enable","12":"open-woo-hover-","13":"open-single-product-tab-horizontal","14":"open-shadow-","15":"open-shadow-hover-","17":"first","18":"instock","19":"shipping-taxable","20":"purchasable","21":"product-type-variable"},"jetpack_sharing_enabled":true,"_links":{"self":[{"href":"https:\/\/www.deporteseli.com\/index.php?rest_route=\/wp\/v2\/product\/40193","targetHints":{"allow":["GET"]}}],"collection":[{"href":"https:\/\/www.deporteseli.com\/index.php?rest_route=\/wp\/v2\/product"}],"about":[{"href":"https:\/\/www.deporteseli.com\/index.php?rest_route=\/wp\/v2\/types\/product"}],"wp:featuredmedia":[{"embeddable":true,"href":"https:\/\/www.deporteseli.com\/index.php?rest_route=\/wp\/v2\/media\/54225"}],"wp:attachment":[{"href":"https:\/\/www.deporteseli.com\/index.php?rest_route=%2Fwp%2Fv2%2Fmedia&parent=40193"}],"wp:term":[{"taxonomy":"product_brand","embeddable":true,"href":"https:\/\/www.deporteseli.com\/index.php?rest_route=%2Fwp%2Fv2%2Fproduct_brand&post=40193"},{"taxonomy":"product_cat","embeddable":true,"href":"https:\/\/www.deporteseli.com\/index.php?rest_route=%2Fwp%2Fv2%2Fproduct_cat&post=40193"},{"taxonomy":"product_tag","embeddable":true,"href":"https:\/\/www.deporteseli.com\/index.php?rest_route=%2Fwp%2Fv2%2Fproduct_tag&post=40193"}],"curies":[{"name":"wp","href":"https:\/\/api.w.org\/{rel}","templated":true}]}}