{"id":40189,"date":"2026-01-27T18:48:17","date_gmt":"2026-01-27T18:48:17","guid":{"rendered":"https:\/\/www.deporteseli.com\/?product=falda-de-tenis-team-ii"},"modified":"2026-03-07T05:42:48","modified_gmt":"2026-03-07T05:42:48","slug":"falda-de-tenis-team-ii","status":"publish","type":"product","link":"https:\/\/www.deporteseli.com\/?product=falda-de-tenis-team-ii","title":{"rendered":"FALDA DE TENIS TEAM II"},"content":{"rendered":"<p>La falda de mujer Wilson Team II 12.5 Skirt proporciona la m\u00e1xima comodidad durante el entrenamiento de tenis o un partido. La falda es adecuada para tenis, b\u00e1dminton o squash.  Los pantalones cortos de compresi\u00f3n interna garantizar\u00e1n mejores propiedades funcionales y mantendr\u00e1n calientes los m\u00fasculos de las extremidades inferiores. Est\u00e1 equipado con la tecnolog\u00eda Wilson nanoWik, que en forma de nanoinserto elimina la humedad y crea una sensaci\u00f3n refrescante. De esta forma, permanecer\u00e1s seco durante todo el partido manteniendo el m\u00e1ximo confort.                                                                                                                                                                                                                                                                                                                                                                                                                                                                                                                                                                                                                                                                                                                                                                                                                                                                                                                                                                                                                                        <\/p>\n","protected":false},"excerpt":{"rendered":"<p>FALDA DE TENIS TEAM II<\/p>\n","protected":false},"featured_media":54223,"template":"","meta":[],"product_brand":[],"product_cat":[366],"product_tag":[57],"class_list":{"0":"post-40189","1":"product","2":"type-product","3":"status-publish","4":"has-post-thumbnail","6":"product_cat-padel_y_tenis_textil_faldas","7":"product_tag-wilson","8":"pa_color-unico","9":"pa_talla-l","10":"pa_talla-m","11":"pa_talla-s","12":"thunk-woo-product-list","13":"opn-qv-enable","14":"open-woo-hover-","15":"open-single-product-tab-horizontal","16":"open-shadow-","17":"open-shadow-hover-","19":"first","20":"instock","21":"shipping-taxable","22":"purchasable","23":"product-type-variable"},"jetpack_sharing_enabled":true,"_links":{"self":[{"href":"https:\/\/www.deporteseli.com\/index.php?rest_route=\/wp\/v2\/product\/40189","targetHints":{"allow":["GET"]}}],"collection":[{"href":"https:\/\/www.deporteseli.com\/index.php?rest_route=\/wp\/v2\/product"}],"about":[{"href":"https:\/\/www.deporteseli.com\/index.php?rest_route=\/wp\/v2\/types\/product"}],"wp:featuredmedia":[{"embeddable":true,"href":"https:\/\/www.deporteseli.com\/index.php?rest_route=\/wp\/v2\/media\/54223"}],"wp:attachment":[{"href":"https:\/\/www.deporteseli.com\/index.php?rest_route=%2Fwp%2Fv2%2Fmedia&parent=40189"}],"wp:term":[{"taxonomy":"product_brand","embeddable":true,"href":"https:\/\/www.deporteseli.com\/index.php?rest_route=%2Fwp%2Fv2%2Fproduct_brand&post=40189"},{"taxonomy":"product_cat","embeddable":true,"href":"https:\/\/www.deporteseli.com\/index.php?rest_route=%2Fwp%2Fv2%2Fproduct_cat&post=40189"},{"taxonomy":"product_tag","embeddable":true,"href":"https:\/\/www.deporteseli.com\/index.php?rest_route=%2Fwp%2Fv2%2Fproduct_tag&post=40189"}],"curies":[{"name":"wp","href":"https:\/\/api.w.org\/{rel}","templated":true}]}}