{"id":40186,"date":"2026-01-27T18:48:10","date_gmt":"2026-01-27T18:48:10","guid":{"rendered":"https:\/\/www.deporteseli.com\/?product=wilson-team-ii-tank-w"},"modified":"2026-03-07T05:42:44","modified_gmt":"2026-03-07T05:42:44","slug":"wilson-team-ii-tank-w","status":"publish","type":"product","link":"https:\/\/www.deporteseli.com\/?product=wilson-team-ii-tank-w","title":{"rendered":"WILSON TEAM II TANK W"},"content":{"rendered":"<p>La camiseta de tirantes Wilson Team II, ligera y c\u00f3moda, es perfecta para el equipo con un estilo atractivo y un alto rendimiento en el juego. Entre sus principales caracter\u00edsticas se incluyen detalles en contraste de punto el\u00e1stico, bloques de colores divergentes y tecnolog\u00eda de evacuaci\u00f3n de la humedad para dispersar el sudor.CARACTER\u00cdSTICAS  NIVEL: Avanzado  COMPOSICI\u00d3N: 100% Poli\u00e9ster.  OTRAS CARACTERISTICAS: Camiseta de tirantes de competici\u00f3n con bloques de colores divergentes en la parte frontal y trasera. Cuerpo tejido de poli\u00e9ster de alto rendimiento con el logotipo de la marca Wilson en la parte superior derecha del pecho. Detalle de contraste de punto el\u00e1stico en el cuello y sisas.  TECNOLOG\u00cdA: nanoWIK, tecnolog\u00eda de evacuaci\u00f3n de humedad para una m\u00e1xima comodidad.                                                                                                                                                                                                                                                                                                                                                                                                                                                                                                                                                                                                                                                                                                                                                                                                                                                                                                                                                                                                                                        <\/p>\n","protected":false},"excerpt":{"rendered":"<p>WILSON TEAM II TANK W<\/p>\n","protected":false},"featured_media":54220,"template":"","meta":[],"product_brand":[],"product_cat":[364],"product_tag":[57],"class_list":{"0":"post-40186","1":"product","2":"type-product","3":"status-publish","4":"has-post-thumbnail","6":"product_cat-padel_y_tenis_textil_camisas","7":"product_tag-wilson","8":"pa_color-unico","9":"pa_talla-l","10":"pa_talla-m","11":"thunk-woo-product-list","12":"opn-qv-enable","13":"open-woo-hover-","14":"open-single-product-tab-horizontal","15":"open-shadow-","16":"open-shadow-hover-","18":"first","19":"instock","20":"shipping-taxable","21":"purchasable","22":"product-type-variable"},"jetpack_sharing_enabled":true,"_links":{"self":[{"href":"https:\/\/www.deporteseli.com\/index.php?rest_route=\/wp\/v2\/product\/40186","targetHints":{"allow":["GET"]}}],"collection":[{"href":"https:\/\/www.deporteseli.com\/index.php?rest_route=\/wp\/v2\/product"}],"about":[{"href":"https:\/\/www.deporteseli.com\/index.php?rest_route=\/wp\/v2\/types\/product"}],"wp:featuredmedia":[{"embeddable":true,"href":"https:\/\/www.deporteseli.com\/index.php?rest_route=\/wp\/v2\/media\/54220"}],"wp:attachment":[{"href":"https:\/\/www.deporteseli.com\/index.php?rest_route=%2Fwp%2Fv2%2Fmedia&parent=40186"}],"wp:term":[{"taxonomy":"product_brand","embeddable":true,"href":"https:\/\/www.deporteseli.com\/index.php?rest_route=%2Fwp%2Fv2%2Fproduct_brand&post=40186"},{"taxonomy":"product_cat","embeddable":true,"href":"https:\/\/www.deporteseli.com\/index.php?rest_route=%2Fwp%2Fv2%2Fproduct_cat&post=40186"},{"taxonomy":"product_tag","embeddable":true,"href":"https:\/\/www.deporteseli.com\/index.php?rest_route=%2Fwp%2Fv2%2Fproduct_tag&post=40186"}],"curies":[{"name":"wp","href":"https:\/\/api.w.org\/{rel}","templated":true}]}}