{"id":40180,"date":"2026-01-27T18:48:03","date_gmt":"2026-01-27T18:48:03","guid":{"rendered":"https:\/\/www.deporteseli.com\/?product=levis-bryson-jr"},"modified":"2026-02-13T16:49:00","modified_gmt":"2026-02-13T16:49:00","slug":"levis-bryson-jr","status":"publish","type":"product","link":"https:\/\/www.deporteseli.com\/?product=levis-bryson-jr","title":{"rendered":"LEVI&#8217;S BRYSON JR"},"content":{"rendered":"<p> Descubre el estilo de las nuevas Levi&#8217;s Bryson Mid!  Expresa tu estilo con esta pr\u00e1ctica zapatilla, caracterizada por una silueta de ca\u00f1a alta y detalles \u00fanicos, es perfecta para todos los d\u00edas,  y transmite a cada conjunto un estilo sin igual!  Parte superior de piel y material sint\u00e9tico  Silueta de ca\u00f1a alta  Cierre con cordones.                                                                                                                                                                                                                                                                                                                                                                                                                                                                                                                                                                                                                                                                                                                                                                                                                                                                                                                                                                                                                                        <\/p>\n","protected":false},"excerpt":{"rendered":"<p>LEVI&#8217;S BRYSON JR<\/p>\n","protected":false},"featured_media":54212,"template":"","meta":[],"product_brand":[],"product_cat":[237],"product_tag":[82],"class_list":{"0":"post-40180","1":"product","2":"type-product","3":"status-publish","4":"has-post-thumbnail","6":"product_cat-outlet_calzado","7":"product_tag-levis","8":"pa_color-unico","9":"pa_talla-143","10":"thunk-woo-product-list","11":"opn-qv-enable","12":"open-woo-hover-","13":"open-single-product-tab-horizontal","14":"open-shadow-","15":"open-shadow-hover-","17":"first","18":"instock","19":"sale","20":"shipping-taxable","21":"purchasable","22":"product-type-variable"},"jetpack_sharing_enabled":true,"_links":{"self":[{"href":"https:\/\/www.deporteseli.com\/index.php?rest_route=\/wp\/v2\/product\/40180","targetHints":{"allow":["GET"]}}],"collection":[{"href":"https:\/\/www.deporteseli.com\/index.php?rest_route=\/wp\/v2\/product"}],"about":[{"href":"https:\/\/www.deporteseli.com\/index.php?rest_route=\/wp\/v2\/types\/product"}],"wp:featuredmedia":[{"embeddable":true,"href":"https:\/\/www.deporteseli.com\/index.php?rest_route=\/wp\/v2\/media\/54212"}],"wp:attachment":[{"href":"https:\/\/www.deporteseli.com\/index.php?rest_route=%2Fwp%2Fv2%2Fmedia&parent=40180"}],"wp:term":[{"taxonomy":"product_brand","embeddable":true,"href":"https:\/\/www.deporteseli.com\/index.php?rest_route=%2Fwp%2Fv2%2Fproduct_brand&post=40180"},{"taxonomy":"product_cat","embeddable":true,"href":"https:\/\/www.deporteseli.com\/index.php?rest_route=%2Fwp%2Fv2%2Fproduct_cat&post=40180"},{"taxonomy":"product_tag","embeddable":true,"href":"https:\/\/www.deporteseli.com\/index.php?rest_route=%2Fwp%2Fv2%2Fproduct_tag&post=40180"}],"curies":[{"name":"wp","href":"https:\/\/api.w.org\/{rel}","templated":true}]}}