{"id":40174,"date":"2026-01-27T18:47:56","date_gmt":"2026-01-27T18:47:56","guid":{"rendered":"https:\/\/www.deporteseli.com\/?product=adidas-pantalon-essentials"},"modified":"2026-03-07T05:42:39","modified_gmt":"2026-03-07T05:42:39","slug":"adidas-pantalon-essentials","status":"publish","type":"product","link":"https:\/\/www.deporteseli.com\/?product=adidas-pantalon-essentials","title":{"rendered":"ADIDAS PANTAL\u00f3N ESSENTIALS"},"content":{"rendered":"<p>Entrena o simplemente rel\u00e1jate, considera estos pantalones de ch\u00e1ndal adidas tu uniforme. AEROREADY te mantiene seco cuando est\u00e1s en movimiento. El suave tejido de mezcla de algod\u00f3n es muy c\u00f3modo y la cintura el\u00e1stica se ajusta para que queden bien ce\u00f1idos. Est\u00e1n acabados con las inconfundibles 3 bandas. Al menos el 70% de este producto es una mezcla de materiales reciclados y renovables.                                                                                                                                                                                                                                                                                                                                                                                                                                                                                                                                                                                                                                                                                                                                                                                                                                                                                                                                                                                                                                        <\/p>\n","protected":false},"excerpt":{"rendered":"<p>ADIDAS PANTAL\u00f3N ESSENTIALS<\/p>\n","protected":false},"featured_media":54207,"template":"","meta":[],"product_brand":[],"product_cat":[252],"product_tag":[18],"class_list":{"0":"post-40174","1":"product","2":"type-product","3":"status-publish","4":"has-post-thumbnail","6":"product_cat-hombre_textil_pantalones","7":"product_tag-adidas","8":"pa_color-unico","9":"pa_talla-s","10":"thunk-woo-product-list","11":"opn-qv-enable","12":"open-woo-hover-","13":"open-single-product-tab-horizontal","14":"open-shadow-","15":"open-shadow-hover-","17":"first","18":"instock","19":"shipping-taxable","20":"purchasable","21":"product-type-variable"},"jetpack_sharing_enabled":true,"_links":{"self":[{"href":"https:\/\/www.deporteseli.com\/index.php?rest_route=\/wp\/v2\/product\/40174","targetHints":{"allow":["GET"]}}],"collection":[{"href":"https:\/\/www.deporteseli.com\/index.php?rest_route=\/wp\/v2\/product"}],"about":[{"href":"https:\/\/www.deporteseli.com\/index.php?rest_route=\/wp\/v2\/types\/product"}],"wp:featuredmedia":[{"embeddable":true,"href":"https:\/\/www.deporteseli.com\/index.php?rest_route=\/wp\/v2\/media\/54207"}],"wp:attachment":[{"href":"https:\/\/www.deporteseli.com\/index.php?rest_route=%2Fwp%2Fv2%2Fmedia&parent=40174"}],"wp:term":[{"taxonomy":"product_brand","embeddable":true,"href":"https:\/\/www.deporteseli.com\/index.php?rest_route=%2Fwp%2Fv2%2Fproduct_brand&post=40174"},{"taxonomy":"product_cat","embeddable":true,"href":"https:\/\/www.deporteseli.com\/index.php?rest_route=%2Fwp%2Fv2%2Fproduct_cat&post=40174"},{"taxonomy":"product_tag","embeddable":true,"href":"https:\/\/www.deporteseli.com\/index.php?rest_route=%2Fwp%2Fv2%2Fproduct_tag&post=40174"}],"curies":[{"name":"wp","href":"https:\/\/api.w.org\/{rel}","templated":true}]}}