{"id":40151,"date":"2026-01-27T18:47:27","date_gmt":"2026-01-27T18:47:27","guid":{"rendered":"https:\/\/www.deporteseli.com\/?product=puma-essential-2"},"modified":"2026-03-07T05:42:16","modified_gmt":"2026-03-07T05:42:16","slug":"puma-essential-2","status":"publish","type":"product","link":"https:\/\/www.deporteseli.com\/?product=puma-essential-2","title":{"rendered":"PUMA ESSENTIAL"},"content":{"rendered":"<p>La comodidad y la funcionalidad se combinan para hacer de los pantalones deportivos con logotipo Essentials un verdadero ganador. Estamos seguros de que se convertir\u00e1n en tus pantalones deportivos favoritos para todos los d\u00edas.    COMPOSICI\u00d3N Y TECNOLOG\u00cdA    Impresi\u00f3n de goma del logotipo n.\u00ba 1   Cintura el\u00e1stica con cord\u00f3n interno para una comodidad personalizada   Bolsillos laterales para soluciones de almacenamiento   Pu\u00f1os el\u00e1sticos acanalados   Ajuste regular   Fabricado con poli\u00e9ster reciclado.                                                                                                                                                                                                                                                                                                                                                                                                                                                                                                                                                                                                                                                                                                                                                                                                                                                                                                                                                                                                                                        <\/p>\n","protected":false},"excerpt":{"rendered":"<p>PUMA ESSENTIAL<\/p>\n","protected":false},"featured_media":54197,"template":"","meta":[],"product_brand":[],"product_cat":[252],"product_tag":[32],"class_list":{"0":"post-40151","1":"product","2":"type-product","3":"status-publish","4":"has-post-thumbnail","6":"product_cat-hombre_textil_pantalones","7":"product_tag-puma","8":"pa_color-unico","9":"pa_talla-t-14","10":"thunk-woo-product-list","11":"opn-qv-enable","12":"open-woo-hover-","13":"open-single-product-tab-horizontal","14":"open-shadow-","15":"open-shadow-hover-","17":"first","18":"instock","19":"shipping-taxable","20":"purchasable","21":"product-type-variable"},"jetpack_sharing_enabled":true,"_links":{"self":[{"href":"https:\/\/www.deporteseli.com\/index.php?rest_route=\/wp\/v2\/product\/40151","targetHints":{"allow":["GET"]}}],"collection":[{"href":"https:\/\/www.deporteseli.com\/index.php?rest_route=\/wp\/v2\/product"}],"about":[{"href":"https:\/\/www.deporteseli.com\/index.php?rest_route=\/wp\/v2\/types\/product"}],"wp:featuredmedia":[{"embeddable":true,"href":"https:\/\/www.deporteseli.com\/index.php?rest_route=\/wp\/v2\/media\/54197"}],"wp:attachment":[{"href":"https:\/\/www.deporteseli.com\/index.php?rest_route=%2Fwp%2Fv2%2Fmedia&parent=40151"}],"wp:term":[{"taxonomy":"product_brand","embeddable":true,"href":"https:\/\/www.deporteseli.com\/index.php?rest_route=%2Fwp%2Fv2%2Fproduct_brand&post=40151"},{"taxonomy":"product_cat","embeddable":true,"href":"https:\/\/www.deporteseli.com\/index.php?rest_route=%2Fwp%2Fv2%2Fproduct_cat&post=40151"},{"taxonomy":"product_tag","embeddable":true,"href":"https:\/\/www.deporteseli.com\/index.php?rest_route=%2Fwp%2Fv2%2Fproduct_tag&post=40151"}],"curies":[{"name":"wp","href":"https:\/\/api.w.org\/{rel}","templated":true}]}}