{"id":40146,"date":"2026-01-27T18:47:22","date_gmt":"2026-01-27T18:47:22","guid":{"rendered":"https:\/\/www.deporteseli.com\/?product=k-swiss-express-light-3-hb-blue-pink"},"modified":"2026-03-22T05:18:27","modified_gmt":"2026-03-22T05:18:27","slug":"k-swiss-express-light-3-hb-blue-pink","status":"publish","type":"product","link":"https:\/\/www.deporteseli.com\/?product=k-swiss-express-light-3-hb-blue-pink","title":{"rendered":"K-SWISS EXPRESS LIGHT 3 HB BLUE\/PINK"},"content":{"rendered":"<p>La K-Swiss Express Light 3 HB Azul\/Rosa es una zapatilla de tenis y p\u00e1del moderna, ligera y de alto rendimiento de la colecci\u00f3n K-Swiss. Este zapato tiene las siguientes especificaciones:    P\u00fablico objetivo: mujeres que buscan una zapatilla de tenis y p\u00e1del flexible con un toque moderno.  Superficie: pistas de c\u00e9sped artificial y tierra batida, pistas de p\u00e1del  Color: azul oscuro\/azul\/rosa  Ajuste: regular\/m\u00e1s ancho, c\u00f3modo  Suela: m\u00e1xima absorci\u00f3n de impactos, perfil en espiga                                                                                                                                                                                                                                                                                                                                                                                                                                                                                                                                                                                                                                                                                                                                                                                                                                                                                                                                                                                                                                        <\/p>\n","protected":false},"excerpt":{"rendered":"<p>K-SWISS EXPRESS LIGHT 3 HB BLUE\/PINK<\/p>\n","protected":false},"featured_media":54190,"template":"","meta":[],"product_brand":[],"product_cat":[371],"product_tag":[26],"class_list":{"0":"post-40146","1":"product","2":"type-product","3":"status-publish","4":"has-post-thumbnail","6":"product_cat-padel_y_tenis_calzado","7":"product_tag-k-swiss","8":"pa_color-unico","9":"pa_talla-151","10":"thunk-woo-product-list","11":"opn-qv-enable","12":"open-woo-hover-","13":"open-single-product-tab-horizontal","14":"open-shadow-","15":"open-shadow-hover-","17":"first","18":"instock","19":"sale","20":"shipping-taxable","21":"purchasable","22":"product-type-variable"},"jetpack_sharing_enabled":true,"_links":{"self":[{"href":"https:\/\/www.deporteseli.com\/index.php?rest_route=\/wp\/v2\/product\/40146","targetHints":{"allow":["GET"]}}],"collection":[{"href":"https:\/\/www.deporteseli.com\/index.php?rest_route=\/wp\/v2\/product"}],"about":[{"href":"https:\/\/www.deporteseli.com\/index.php?rest_route=\/wp\/v2\/types\/product"}],"wp:featuredmedia":[{"embeddable":true,"href":"https:\/\/www.deporteseli.com\/index.php?rest_route=\/wp\/v2\/media\/54190"}],"wp:attachment":[{"href":"https:\/\/www.deporteseli.com\/index.php?rest_route=%2Fwp%2Fv2%2Fmedia&parent=40146"}],"wp:term":[{"taxonomy":"product_brand","embeddable":true,"href":"https:\/\/www.deporteseli.com\/index.php?rest_route=%2Fwp%2Fv2%2Fproduct_brand&post=40146"},{"taxonomy":"product_cat","embeddable":true,"href":"https:\/\/www.deporteseli.com\/index.php?rest_route=%2Fwp%2Fv2%2Fproduct_cat&post=40146"},{"taxonomy":"product_tag","embeddable":true,"href":"https:\/\/www.deporteseli.com\/index.php?rest_route=%2Fwp%2Fv2%2Fproduct_tag&post=40146"}],"curies":[{"name":"wp","href":"https:\/\/api.w.org\/{rel}","templated":true}]}}