{"id":40144,"date":"2026-01-27T18:47:19","date_gmt":"2026-01-27T18:47:19","guid":{"rendered":"https:\/\/www.deporteseli.com\/?product=mochila-puma-079948"},"modified":"2026-01-27T18:47:21","modified_gmt":"2026-01-27T18:47:21","slug":"mochila-puma-079948","status":"publish","type":"product","link":"https:\/\/www.deporteseli.com\/?product=mochila-puma-079948","title":{"rendered":"MOCHILA PUMA 079948"},"content":{"rendered":"<p>La mochila Puma Phase Aop Backp para hombre es perfecta para llevar tus pertenencias de manera c\u00f3moda y segura. Cuenta con un compartimento principal con cierre bidireccional, bolsillo delantero y lateral con cierre, y correas ajustables y acolchadas para los hombros. Adem\u00e1s, tiene un panel posterior acolchado para mayor comodidad y un estampado completo que le da un toque moderno. Los tiradores de cierre met\u00e1licos con detalles de marca Puma y el estampado con el logotipo Puma N.\u00b0 1 en el panel frontal le dan un estilo \u00fanico. Con medidas de 30 x 14 x 44 cm y capacidad de 22 litros, esta mochila es ideal para tus actividades diarias. Adem\u00e1s, est\u00e1 hecha con al menos un 30% de material reciclado, contribuyendo as\u00ed a un futuro mejor. Tambi\u00e9n utiliza la tecnolog\u00eda Dope Dye, que elimina el proceso de tintura de hilados, siendo una opci\u00f3n m\u00e1s sostenible. Disponible en color Negro\/Camuflaje.  No te quedes sin la tuya!    Caracter\u00edsticas  Compartimento principal con cierre bidireccional  Bolsillo delantero con cierre  Bolsillo lateral de malla  Correas para los hombros ajustables y acolchadas  Asa de cincha para llevar  Panel posterior acolchado  Estampado completo  Tiradores de cierre met\u00e1licos con detalles de marca PUMA  Estampado con el logotipo PUMA N.\u00b0 1 en el panel frontal  30 x 14 x 44 cm, 22 l  Producto hecho con al menos un 30% de material reciclado para progresar hacia un futuro mejor  La tecnolog\u00eda Dope Dye elimina el proceso de tintura de hilados como una forma de progresar hacia un futuro mejor, ya que las fibras y filamentos se ti\u00f1en antes del hilado y el tejido                                                                                                                                                                                                                                                                                                                                                                                                                                                                                                                                                                                                                                                                                                                                                                                                                                                                                                                                                                                                                                        <\/p>\n","protected":false},"excerpt":{"rendered":"<p>MOCHILA PUMA 079948<\/p>\n","protected":false},"featured_media":54188,"template":"","meta":[],"product_brand":[],"product_cat":[401],"product_tag":[32],"class_list":{"0":"post-40144","1":"product","2":"type-product","3":"status-publish","4":"has-post-thumbnail","6":"product_cat-accesorios_mochilas","7":"product_tag-puma","8":"pa_color-unico","9":"pa_talla-unica","10":"thunk-woo-product-list","11":"opn-qv-enable","12":"open-woo-hover-","13":"open-single-product-tab-horizontal","14":"open-shadow-","15":"open-shadow-hover-","17":"first","18":"instock","19":"shipping-taxable","20":"purchasable","21":"product-type-variable"},"jetpack_sharing_enabled":true,"_links":{"self":[{"href":"https:\/\/www.deporteseli.com\/index.php?rest_route=\/wp\/v2\/product\/40144","targetHints":{"allow":["GET"]}}],"collection":[{"href":"https:\/\/www.deporteseli.com\/index.php?rest_route=\/wp\/v2\/product"}],"about":[{"href":"https:\/\/www.deporteseli.com\/index.php?rest_route=\/wp\/v2\/types\/product"}],"wp:featuredmedia":[{"embeddable":true,"href":"https:\/\/www.deporteseli.com\/index.php?rest_route=\/wp\/v2\/media\/54188"}],"wp:attachment":[{"href":"https:\/\/www.deporteseli.com\/index.php?rest_route=%2Fwp%2Fv2%2Fmedia&parent=40144"}],"wp:term":[{"taxonomy":"product_brand","embeddable":true,"href":"https:\/\/www.deporteseli.com\/index.php?rest_route=%2Fwp%2Fv2%2Fproduct_brand&post=40144"},{"taxonomy":"product_cat","embeddable":true,"href":"https:\/\/www.deporteseli.com\/index.php?rest_route=%2Fwp%2Fv2%2Fproduct_cat&post=40144"},{"taxonomy":"product_tag","embeddable":true,"href":"https:\/\/www.deporteseli.com\/index.php?rest_route=%2Fwp%2Fv2%2Fproduct_tag&post=40144"}],"curies":[{"name":"wp","href":"https:\/\/api.w.org\/{rel}","templated":true}]}}