{"id":40137,"date":"2026-01-27T18:47:11","date_gmt":"2026-01-27T18:47:11","guid":{"rendered":"https:\/\/www.deporteseli.com\/?product=sudadera-nina-puma"},"modified":"2026-03-07T05:42:12","modified_gmt":"2026-03-07T05:42:12","slug":"sudadera-nina-puma","status":"publish","type":"product","link":"https:\/\/www.deporteseli.com\/?product=sudadera-nina-puma","title":{"rendered":"SUDADERA NI\u00f1A PUMA"},"content":{"rendered":"<p>Sudadera hecho de mezcla de material de algod\u00f3n suave, bolsillo canguro, cuello redondo con capucha, logotipo grande de Puma en plata en el pecho, brazo y dobladillo con pu\u00f1os.    Sudadera para practicar Tiempo libre y sportwear de mujer  Ropa deportiva Rosa de la marca Puma  Forro Con Capucha: 100% Algod\u00f3n, Costilla: 98% Algod\u00f3n 2% Elastano, Parte Superior: 68% Algod\u00f3n, 32% Poli\u00e9ster  Cierre: Pull on                                                                                                                                                                                                                                                                                                                                                                                                                                                                                                                                                                                                                                                                                                                                                                                                                                                                                                                                                                                                                                        <\/p>\n","protected":false},"excerpt":{"rendered":"<p>SUDADERA NI\u00f1A PUMA<\/p>\n","protected":false},"featured_media":54186,"template":"","meta":[],"product_brand":[],"product_cat":[384],"product_tag":[32],"class_list":{"0":"post-40137","1":"product","2":"type-product","3":"status-publish","4":"has-post-thumbnail","6":"product_cat-ninas_textil_sudaderas","7":"product_tag-puma","8":"pa_color-unico","9":"pa_talla-t-10","10":"pa_talla-t-12","11":"pa_talla-t-14","12":"pa_talla-t-16","13":"pa_talla-t-6","14":"pa_talla-t-8","15":"thunk-woo-product-list","16":"opn-qv-enable","17":"open-woo-hover-","18":"open-single-product-tab-horizontal","19":"open-shadow-","20":"open-shadow-hover-","22":"first","23":"instock","24":"shipping-taxable","25":"purchasable","26":"product-type-variable"},"jetpack_sharing_enabled":true,"_links":{"self":[{"href":"https:\/\/www.deporteseli.com\/index.php?rest_route=\/wp\/v2\/product\/40137","targetHints":{"allow":["GET"]}}],"collection":[{"href":"https:\/\/www.deporteseli.com\/index.php?rest_route=\/wp\/v2\/product"}],"about":[{"href":"https:\/\/www.deporteseli.com\/index.php?rest_route=\/wp\/v2\/types\/product"}],"wp:featuredmedia":[{"embeddable":true,"href":"https:\/\/www.deporteseli.com\/index.php?rest_route=\/wp\/v2\/media\/54186"}],"wp:attachment":[{"href":"https:\/\/www.deporteseli.com\/index.php?rest_route=%2Fwp%2Fv2%2Fmedia&parent=40137"}],"wp:term":[{"taxonomy":"product_brand","embeddable":true,"href":"https:\/\/www.deporteseli.com\/index.php?rest_route=%2Fwp%2Fv2%2Fproduct_brand&post=40137"},{"taxonomy":"product_cat","embeddable":true,"href":"https:\/\/www.deporteseli.com\/index.php?rest_route=%2Fwp%2Fv2%2Fproduct_cat&post=40137"},{"taxonomy":"product_tag","embeddable":true,"href":"https:\/\/www.deporteseli.com\/index.php?rest_route=%2Fwp%2Fv2%2Fproduct_tag&post=40137"}],"curies":[{"name":"wp","href":"https:\/\/api.w.org\/{rel}","templated":true}]}}