{"id":40135,"date":"2026-01-27T18:47:08","date_gmt":"2026-01-27T18:47:08","guid":{"rendered":"https:\/\/www.deporteseli.com\/?product=chandal-puma-676375"},"modified":"2026-03-07T05:42:04","modified_gmt":"2026-03-07T05:42:04","slug":"chandal-puma-676375","status":"publish","type":"product","link":"https:\/\/www.deporteseli.com\/?product=chandal-puma-676375","title":{"rendered":"CHANDAL PUMA 676375"},"content":{"rendered":"<p>HISTORIA DEL PRODUCTO  Canaliza la energ\u00eda deportiva en tu vida diaria con este conjunto deportivo con capucha. Est\u00e1 dise\u00f1ado para que te muevas con facilidad. La chaqueta tiene un dobladillo trasero curvado y los pantalones una cintura elasticada.    CARACTER\u00cdSTICAS   BENEFICIOS  Algod\u00f3n m\u00e1s sustentable: el algod\u00f3n de los productos PUMA se cultiva en establecimientos enfocados en una agricultura sustentable como el uso eficiente del agua y la protecci\u00f3n de los suelos. M\u00e1s informaci\u00f3n: PUMA.com\/FOREVER BETTER  Producto con material reciclado: hecho con al menos un 30% de material reciclado para progresar hacia un futuro mejor  DETALLES  Chaqueta y pantalones de ajuste regular  Capucha con forro de jersey  Chaqueta con cierre completo  Chaqueta con dobladillo posterior curvo  Pu\u00f1os de tela de exterior en la chaqueta y los pantalones  Pantalones con cintura elasticada y cord\u00f3n de ajuste  Bordado con el logotipo PUMA Cat en el lado izquierdo del pecho  Logotipo PUMA Cat bordado en la pierna izquierda  Hecho en Vietnam                                                                                                                                                                                                                                                                                                                                                                                                                                                                                                                                                                                                                                                                                                                                                                                                                                                                                                                                                                                                                                        <\/p>\n","protected":false},"excerpt":{"rendered":"<p>CHANDAL PUMA 676375<\/p>\n","protected":false},"featured_media":54183,"template":"","meta":[],"product_brand":[],"product_cat":[380],"product_tag":[32],"class_list":{"0":"post-40135","1":"product","2":"type-product","3":"status-publish","4":"has-post-thumbnail","6":"product_cat-ninas_textil_chandals","7":"product_tag-puma","8":"pa_color-unico","9":"pa_talla-t-12","10":"thunk-woo-product-list","11":"opn-qv-enable","12":"open-woo-hover-","13":"open-single-product-tab-horizontal","14":"open-shadow-","15":"open-shadow-hover-","17":"first","18":"instock","19":"shipping-taxable","20":"purchasable","21":"product-type-variable"},"jetpack_sharing_enabled":true,"_links":{"self":[{"href":"https:\/\/www.deporteseli.com\/index.php?rest_route=\/wp\/v2\/product\/40135","targetHints":{"allow":["GET"]}}],"collection":[{"href":"https:\/\/www.deporteseli.com\/index.php?rest_route=\/wp\/v2\/product"}],"about":[{"href":"https:\/\/www.deporteseli.com\/index.php?rest_route=\/wp\/v2\/types\/product"}],"wp:featuredmedia":[{"embeddable":true,"href":"https:\/\/www.deporteseli.com\/index.php?rest_route=\/wp\/v2\/media\/54183"}],"wp:attachment":[{"href":"https:\/\/www.deporteseli.com\/index.php?rest_route=%2Fwp%2Fv2%2Fmedia&parent=40135"}],"wp:term":[{"taxonomy":"product_brand","embeddable":true,"href":"https:\/\/www.deporteseli.com\/index.php?rest_route=%2Fwp%2Fv2%2Fproduct_brand&post=40135"},{"taxonomy":"product_cat","embeddable":true,"href":"https:\/\/www.deporteseli.com\/index.php?rest_route=%2Fwp%2Fv2%2Fproduct_cat&post=40135"},{"taxonomy":"product_tag","embeddable":true,"href":"https:\/\/www.deporteseli.com\/index.php?rest_route=%2Fwp%2Fv2%2Fproduct_tag&post=40135"}],"curies":[{"name":"wp","href":"https:\/\/api.w.org\/{rel}","templated":true}]}}