{"id":40129,"date":"2026-01-27T18:47:02","date_gmt":"2026-01-27T18:47:02","guid":{"rendered":"https:\/\/www.deporteseli.com\/?product=leggings-juveniles-essentials"},"modified":"2026-03-07T05:42:03","modified_gmt":"2026-03-07T05:42:03","slug":"leggings-juveniles-essentials","status":"publish","type":"product","link":"https:\/\/www.deporteseli.com\/?product=leggings-juveniles-essentials","title":{"rendered":"LEGGINGS JUVENILES ESSENTIALS"},"content":{"rendered":"<p>Un b\u00e1sico de armario para las ni\u00f1as m\u00e1s modernas. Causa sensaci\u00f3n con los leggings Essentials  Logo. Un estampado met\u00e1lico decora el tobillo izquierdo y el ajuste ce\u00f1ido con una suave cintura el\u00e1stica garantiza que los lleves c\u00f3modamente. Tanto entrenando como en tus ratos de ocio, no renuncies al m\u00e1s puro estilo que te ofrece PUMA.      DETALLES  Corte ce\u00f1ido  Largo completo  Cinturilla el\u00e1stica suave  Logotipo PUMA n.\u00ba 1 metalizado estampado alrededor del tobillo izquierdo  Composici\u00f3n  Exterior: 95% Algod\u00f3n, 5% Elastano                                                                                                                                                                                                                                                                                                                                                                                                                                                                                                                                                                                                                                                                                                                                                                                                                                                                                                                                                                                                                                        <\/p>\n","protected":false},"excerpt":{"rendered":"<p>LEGGINGS JUVENILES ESSENTIALS<\/p>\n","protected":false},"featured_media":54181,"template":"","meta":[],"product_brand":[],"product_cat":[383],"product_tag":[32],"class_list":{"0":"post-40129","1":"product","2":"type-product","3":"status-publish","4":"has-post-thumbnail","6":"product_cat-ninas_textil_pantalones","7":"product_tag-puma","8":"pa_color-unico","9":"pa_talla-t-10","10":"pa_talla-t-12","11":"pa_talla-t-14","12":"pa_talla-t-16","13":"pa_talla-t-8","14":"thunk-woo-product-list","15":"opn-qv-enable","16":"open-woo-hover-","17":"open-single-product-tab-horizontal","18":"open-shadow-","19":"open-shadow-hover-","21":"first","22":"instock","23":"shipping-taxable","24":"purchasable","25":"product-type-variable"},"jetpack_sharing_enabled":true,"_links":{"self":[{"href":"https:\/\/www.deporteseli.com\/index.php?rest_route=\/wp\/v2\/product\/40129","targetHints":{"allow":["GET"]}}],"collection":[{"href":"https:\/\/www.deporteseli.com\/index.php?rest_route=\/wp\/v2\/product"}],"about":[{"href":"https:\/\/www.deporteseli.com\/index.php?rest_route=\/wp\/v2\/types\/product"}],"wp:featuredmedia":[{"embeddable":true,"href":"https:\/\/www.deporteseli.com\/index.php?rest_route=\/wp\/v2\/media\/54181"}],"wp:attachment":[{"href":"https:\/\/www.deporteseli.com\/index.php?rest_route=%2Fwp%2Fv2%2Fmedia&parent=40129"}],"wp:term":[{"taxonomy":"product_brand","embeddable":true,"href":"https:\/\/www.deporteseli.com\/index.php?rest_route=%2Fwp%2Fv2%2Fproduct_brand&post=40129"},{"taxonomy":"product_cat","embeddable":true,"href":"https:\/\/www.deporteseli.com\/index.php?rest_route=%2Fwp%2Fv2%2Fproduct_cat&post=40129"},{"taxonomy":"product_tag","embeddable":true,"href":"https:\/\/www.deporteseli.com\/index.php?rest_route=%2Fwp%2Fv2%2Fproduct_tag&post=40129"}],"curies":[{"name":"wp","href":"https:\/\/api.w.org\/{rel}","templated":true}]}}