{"id":40127,"date":"2026-01-27T18:46:59","date_gmt":"2026-01-27T18:46:59","guid":{"rendered":"https:\/\/www.deporteseli.com\/?product=camiseta-puma-logo-cropped-nina"},"modified":"2026-03-07T05:41:56","modified_gmt":"2026-03-07T05:41:56","slug":"camiseta-puma-logo-cropped-nina","status":"publish","type":"product","link":"https:\/\/www.deporteseli.com\/?product=camiseta-puma-logo-cropped-nina","title":{"rendered":"CAMISETA PUMA LOGO CROPPED NI\u00f1A"},"content":{"rendered":"<p>Luce un aspecto moderno sin esfuerzo con esta camiseta corta PUMA. Se ha confeccionado en 100 %, as\u00ed que es transpirable para que te sientas c\u00f3moda durante todo el d\u00eda. Presenta un toque adicional de estilo gracias al logotipo PUMA n.\u00ba 1 estampado en goma en el pecho. Comb\u00ednala con unos pantalones cargos para lucir un estilo moderno e informal.    80% Algod\u00f3n, 20% Poli\u00e9ster                                                                                                                                                                                                                                                                                                                                                                                                                                                                                                                                                                                                                                                                                                                                                                                                                                                                                                                                                                                                                                        <\/p>\n","protected":false},"excerpt":{"rendered":"<p>CAMISETA PUMA LOGO CROPPED NI\u00f1A<\/p>\n","protected":false},"featured_media":54179,"template":"","meta":[],"product_brand":[],"product_cat":[376],"product_tag":[32],"class_list":{"0":"post-40127","1":"product","2":"type-product","3":"status-publish","4":"has-post-thumbnail","6":"product_cat-ninas_textil_camisetas","7":"product_tag-puma","8":"pa_color-unico","9":"pa_talla-t-12","10":"thunk-woo-product-list","11":"opn-qv-enable","12":"open-woo-hover-","13":"open-single-product-tab-horizontal","14":"open-shadow-","15":"open-shadow-hover-","17":"first","18":"instock","19":"shipping-taxable","20":"purchasable","21":"product-type-variable"},"jetpack_sharing_enabled":true,"_links":{"self":[{"href":"https:\/\/www.deporteseli.com\/index.php?rest_route=\/wp\/v2\/product\/40127","targetHints":{"allow":["GET"]}}],"collection":[{"href":"https:\/\/www.deporteseli.com\/index.php?rest_route=\/wp\/v2\/product"}],"about":[{"href":"https:\/\/www.deporteseli.com\/index.php?rest_route=\/wp\/v2\/types\/product"}],"wp:featuredmedia":[{"embeddable":true,"href":"https:\/\/www.deporteseli.com\/index.php?rest_route=\/wp\/v2\/media\/54179"}],"wp:attachment":[{"href":"https:\/\/www.deporteseli.com\/index.php?rest_route=%2Fwp%2Fv2%2Fmedia&parent=40127"}],"wp:term":[{"taxonomy":"product_brand","embeddable":true,"href":"https:\/\/www.deporteseli.com\/index.php?rest_route=%2Fwp%2Fv2%2Fproduct_brand&post=40127"},{"taxonomy":"product_cat","embeddable":true,"href":"https:\/\/www.deporteseli.com\/index.php?rest_route=%2Fwp%2Fv2%2Fproduct_cat&post=40127"},{"taxonomy":"product_tag","embeddable":true,"href":"https:\/\/www.deporteseli.com\/index.php?rest_route=%2Fwp%2Fv2%2Fproduct_tag&post=40127"}],"curies":[{"name":"wp","href":"https:\/\/api.w.org\/{rel}","templated":true}]}}