{"id":40123,"date":"2026-01-27T18:46:55","date_gmt":"2026-01-27T18:46:55","guid":{"rendered":"https:\/\/www.deporteseli.com\/?product=pantalon-de-puma-ess-futureverse"},"modified":"2026-03-07T05:41:55","modified_gmt":"2026-03-07T05:41:55","slug":"pantalon-de-puma-ess-futureverse","status":"publish","type":"product","link":"https:\/\/www.deporteseli.com\/?product=pantalon-de-puma-ess-futureverse","title":{"rendered":"PANTAL\u00f3N DE PUMA ESS  FUTUREVERSE"},"content":{"rendered":"<p>Este pantal\u00f3n infantil de Puma es perfecto para un estilo casual y c\u00f3modo. Cuenta con una impresi\u00f3n gr\u00e1fica de goma y el ic\u00f3nico logotipo de Puma tambi\u00e9n en goma. La cintura el\u00e1stica con cord\u00f3n interno permite una comodidad personalizada y los pu\u00f1os de costilla aseguran un ajuste perfecto. Este pantal\u00f3n es ideal para el d\u00eda a d\u00eda o para actividades deportivas.  Haz que tu peque\u00f1o se sienta c\u00f3modo y a la moda con este pantal\u00f3n de Puma!    Caracter\u00edsticas  Impresi\u00f3n gr\u00e1fica de goma   No.1 Logotipo Impresi\u00f3n de goma   Cintura el\u00e1stica con escord interno para comodidad personalizada   Pu\u00f1os de costilla                                                                                                                                                                                                                                                                                                                                                                                                                                                                                                                                                                                                                                                                                                                                                                                                                                                                                                                                                                                                                                        <\/p>\n","protected":false},"excerpt":{"rendered":"<p>PANTAL\u00f3N DE PUMA ESS  FUTUREVERSE<\/p>\n","protected":false},"featured_media":54177,"template":"","meta":[],"product_brand":[],"product_cat":[301],"product_tag":[32],"class_list":{"0":"post-40123","1":"product","2":"type-product","3":"status-publish","4":"has-post-thumbnail","6":"product_cat-nino_textil_pantalones","7":"product_tag-puma","8":"pa_color-unico","9":"pa_talla-t-10","10":"pa_talla-t-14","11":"pa_talla-t-16","12":"thunk-woo-product-list","13":"opn-qv-enable","14":"open-woo-hover-","15":"open-single-product-tab-horizontal","16":"open-shadow-","17":"open-shadow-hover-","19":"first","20":"instock","21":"shipping-taxable","22":"purchasable","23":"product-type-variable"},"jetpack_sharing_enabled":true,"_links":{"self":[{"href":"https:\/\/www.deporteseli.com\/index.php?rest_route=\/wp\/v2\/product\/40123","targetHints":{"allow":["GET"]}}],"collection":[{"href":"https:\/\/www.deporteseli.com\/index.php?rest_route=\/wp\/v2\/product"}],"about":[{"href":"https:\/\/www.deporteseli.com\/index.php?rest_route=\/wp\/v2\/types\/product"}],"wp:featuredmedia":[{"embeddable":true,"href":"https:\/\/www.deporteseli.com\/index.php?rest_route=\/wp\/v2\/media\/54177"}],"wp:attachment":[{"href":"https:\/\/www.deporteseli.com\/index.php?rest_route=%2Fwp%2Fv2%2Fmedia&parent=40123"}],"wp:term":[{"taxonomy":"product_brand","embeddable":true,"href":"https:\/\/www.deporteseli.com\/index.php?rest_route=%2Fwp%2Fv2%2Fproduct_brand&post=40123"},{"taxonomy":"product_cat","embeddable":true,"href":"https:\/\/www.deporteseli.com\/index.php?rest_route=%2Fwp%2Fv2%2Fproduct_cat&post=40123"},{"taxonomy":"product_tag","embeddable":true,"href":"https:\/\/www.deporteseli.com\/index.php?rest_route=%2Fwp%2Fv2%2Fproduct_tag&post=40123"}],"curies":[{"name":"wp","href":"https:\/\/api.w.org\/{rel}","templated":true}]}}