{"id":40113,"date":"2026-01-27T18:46:44","date_gmt":"2026-01-27T18:46:44","guid":{"rendered":"https:\/\/www.deporteseli.com\/?product=leggings-juveniles-de-talle-alto-puma-squad"},"modified":"2026-03-07T05:41:47","modified_gmt":"2026-03-07T05:41:47","slug":"leggings-juveniles-de-talle-alto-puma-squad","status":"publish","type":"product","link":"https:\/\/www.deporteseli.com\/?product=leggings-juveniles-de-talle-alto-puma-squad","title":{"rendered":"LEGGINGS JUVENILES DE TALLE ALTO PUMA SQUAD"},"content":{"rendered":"<p>Nuestra colecci\u00f3n PUMA Squad, basada en las tendencias universitarias y el estilo estudiantil m\u00e1s cl\u00e1sico, ha llegado para quedarse. Demuestra que formas parte del equipo con estos leggings de talle alto, con un logotipo PUMA de inspiraci\u00f3n retro en la pernera.      CARACTER\u00cdSTICAS   BENEFICIOS  El algod\u00f3n de los productos de PUMA procede de plantaciones que aplican los principios de la agricultura sostenible, como la eficiencia h\u00eddrica y la protecci\u00f3n de la salud del suelo. M\u00e1s informaci\u00f3n: PUMA.com\/FOREVERBETTER  DETALLES  Costura delantera en relieve  Cinturilla el\u00e1stica  Gr\u00e1fico estampado en goma y ante en la pernera izquierda  Talle alto  Corte ce\u00f1ido  Composici\u00f3n  Exterior: 95% Algod\u00f3n, 5% Elastano                                                                                                                                                                                                                                                                                                                                                                                                                                                                                                                                                                                                                                                                                                                                                                                                                                                                                                                                                                                                                                        <\/p>\n","protected":false},"excerpt":{"rendered":"<p>LEGGINGS JUVENILES DE TALLE ALTO PUMA SQUAD<\/p>\n","protected":false},"featured_media":54172,"template":"","meta":[],"product_brand":[],"product_cat":[386],"product_tag":[32],"class_list":{"0":"post-40113","1":"product","2":"type-product","3":"status-publish","4":"has-post-thumbnail","6":"product_cat-ninas_textil_mallas","7":"product_tag-puma","8":"pa_color-unico","9":"pa_talla-t-10","10":"pa_talla-t-12","11":"pa_talla-t-14","12":"pa_talla-t-16","13":"pa_talla-t-8","14":"thunk-woo-product-list","15":"opn-qv-enable","16":"open-woo-hover-","17":"open-single-product-tab-horizontal","18":"open-shadow-","19":"open-shadow-hover-","21":"first","22":"instock","23":"shipping-taxable","24":"purchasable","25":"product-type-variable"},"jetpack_sharing_enabled":true,"_links":{"self":[{"href":"https:\/\/www.deporteseli.com\/index.php?rest_route=\/wp\/v2\/product\/40113","targetHints":{"allow":["GET"]}}],"collection":[{"href":"https:\/\/www.deporteseli.com\/index.php?rest_route=\/wp\/v2\/product"}],"about":[{"href":"https:\/\/www.deporteseli.com\/index.php?rest_route=\/wp\/v2\/types\/product"}],"wp:featuredmedia":[{"embeddable":true,"href":"https:\/\/www.deporteseli.com\/index.php?rest_route=\/wp\/v2\/media\/54172"}],"wp:attachment":[{"href":"https:\/\/www.deporteseli.com\/index.php?rest_route=%2Fwp%2Fv2%2Fmedia&parent=40113"}],"wp:term":[{"taxonomy":"product_brand","embeddable":true,"href":"https:\/\/www.deporteseli.com\/index.php?rest_route=%2Fwp%2Fv2%2Fproduct_brand&post=40113"},{"taxonomy":"product_cat","embeddable":true,"href":"https:\/\/www.deporteseli.com\/index.php?rest_route=%2Fwp%2Fv2%2Fproduct_cat&post=40113"},{"taxonomy":"product_tag","embeddable":true,"href":"https:\/\/www.deporteseli.com\/index.php?rest_route=%2Fwp%2Fv2%2Fproduct_tag&post=40113"}],"curies":[{"name":"wp","href":"https:\/\/api.w.org\/{rel}","templated":true}]}}