{"id":40110,"date":"2026-01-27T18:46:40","date_gmt":"2026-01-27T18:46:40","guid":{"rendered":"https:\/\/www.deporteseli.com\/?product=sudadera-juvenil-puma-squad"},"modified":"2026-03-07T05:41:41","modified_gmt":"2026-03-07T05:41:41","slug":"sudadera-juvenil-puma-squad","status":"publish","type":"product","link":"https:\/\/www.deporteseli.com\/?product=sudadera-juvenil-puma-squad","title":{"rendered":"SUDADERA JUVENIL PUMA SQUAD"},"content":{"rendered":"<p>Nuestra colecci\u00f3n PUMA SQUAD, basada en las tendencias universitarias y el estilo estudiantil m\u00e1s cl\u00e1sico, ha llegado para quedarse. Dec\u00e1ntate por prendas b\u00e1sicas como esta sudadera de cuello redondo, decorada con un bordado PUMA de inspiraci\u00f3n retro.      CARACTER\u00cdSTICAS   BENEFICIOS  Algod\u00f3n m\u00e1s sostenible: el algod\u00f3n de los productos de PUMA procede de plantaciones que aplican los principios de la agricultura sostenible, como la eficiencia h\u00eddrica y la protecci\u00f3n de la salud del suelo. M\u00e1s informaci\u00f3n: PUMA.com\/FOREVER BETTER  Contenido reciclado: fabricado con al menos un 20 % de material reciclado en su composici\u00f3n como paso hacia un futuro mejor  DETALLES  Corte holgado  Cuello redondo de canal\u00e9  Pu\u00f1os y cinturilla de canal\u00e9 con franjas en contraste  Identidad gr\u00e1fica de PUMA estampada en combinaci\u00f3n de goma y ante en el pecho  Logotipo PUMA Cat estampado en combinaci\u00f3n de goma y ante en el pecho  Composici\u00f3n  Acanalado: 96% Algod\u00f3n, 4% Elastano  Exterior: 66% Algod\u00f3n, 34% Poli\u00e9ster                                                                                                                                                                                                                                                                                                                                                                                                                                                                                                                                                                                                                                                                                                                                                                                                                                                                                                                                                                                                                                        <\/p>\n","protected":false},"excerpt":{"rendered":"<p>SUDADERA JUVENIL PUMA SQUAD<\/p>\n","protected":false},"featured_media":54170,"template":"","meta":[],"product_brand":[],"product_cat":[384],"product_tag":[32],"class_list":{"0":"post-40110","1":"product","2":"type-product","3":"status-publish","4":"has-post-thumbnail","6":"product_cat-ninas_textil_sudaderas","7":"product_tag-puma","8":"pa_color-unico","9":"pa_talla-t-10","10":"pa_talla-t-12","11":"thunk-woo-product-list","12":"opn-qv-enable","13":"open-woo-hover-","14":"open-single-product-tab-horizontal","15":"open-shadow-","16":"open-shadow-hover-","18":"first","19":"instock","20":"shipping-taxable","21":"purchasable","22":"product-type-variable"},"jetpack_sharing_enabled":true,"_links":{"self":[{"href":"https:\/\/www.deporteseli.com\/index.php?rest_route=\/wp\/v2\/product\/40110","targetHints":{"allow":["GET"]}}],"collection":[{"href":"https:\/\/www.deporteseli.com\/index.php?rest_route=\/wp\/v2\/product"}],"about":[{"href":"https:\/\/www.deporteseli.com\/index.php?rest_route=\/wp\/v2\/types\/product"}],"wp:featuredmedia":[{"embeddable":true,"href":"https:\/\/www.deporteseli.com\/index.php?rest_route=\/wp\/v2\/media\/54170"}],"wp:attachment":[{"href":"https:\/\/www.deporteseli.com\/index.php?rest_route=%2Fwp%2Fv2%2Fmedia&parent=40110"}],"wp:term":[{"taxonomy":"product_brand","embeddable":true,"href":"https:\/\/www.deporteseli.com\/index.php?rest_route=%2Fwp%2Fv2%2Fproduct_brand&post=40110"},{"taxonomy":"product_cat","embeddable":true,"href":"https:\/\/www.deporteseli.com\/index.php?rest_route=%2Fwp%2Fv2%2Fproduct_cat&post=40110"},{"taxonomy":"product_tag","embeddable":true,"href":"https:\/\/www.deporteseli.com\/index.php?rest_route=%2Fwp%2Fv2%2Fproduct_tag&post=40110"}],"curies":[{"name":"wp","href":"https:\/\/api.w.org\/{rel}","templated":true}]}}