{"id":40089,"date":"2026-01-27T18:46:08","date_gmt":"2026-01-27T18:46:08","guid":{"rendered":"https:\/\/www.deporteseli.com\/?product=sudadera-juvenil-con-capucha"},"modified":"2026-03-07T05:41:17","modified_gmt":"2026-03-07T05:41:17","slug":"sudadera-juvenil-con-capucha","status":"publish","type":"product","link":"https:\/\/www.deporteseli.com\/?product=sudadera-juvenil-con-capucha","title":{"rendered":"SUDADERA JUVENIL CON CAPUCHA"},"content":{"rendered":"<p>Apuesta por un estilo de alto impacto con nuestra sudadera con capucha Essentials  Two-Tone Big Logo, renovada con un toque vanguardista que incluye algod\u00f3n de la Forever Better Initiative para lucir un estilo urbano sostenible que te har\u00e1 sentir tan bien por fuera como por dentro.      CARACTER\u00cdSTICAS   BENEFICIOS  Contiene material reciclado: fabricado con fibras recicladas. Una de las respuestas de PUMA para reducir su impacto medioambiental.  DETALLES  Corte est\u00e1ndar  Capucha forrada en punto de algod\u00f3n  Bolsillo tipo canguro  Pu\u00f1os y cinturilla de canal\u00e9  Logotipo PUMA n.\u00ba 1 en el pecho  Algod\u00f3n y poli\u00e9ster  Composici\u00f3n  Forro De La Capucha: 100% Algod\u00f3n  Exterior: 66% Algod\u00f3n, 34% Poli\u00e9ster  Acanalado: 97% Algod\u00f3n, 3% Elastano                                                                                                                                                                                                                                                                                                                                                                                                                                                                                                                                                                                                                                                                                                                                                                                                                                                                                                                                                                                                                                        <\/p>\n","protected":false},"excerpt":{"rendered":"<p>SUDADERA JUVENIL CON CAPUCHA<\/p>\n","protected":false},"featured_media":54158,"template":"","meta":[],"product_brand":[],"product_cat":[302],"product_tag":[32],"class_list":{"0":"post-40089","1":"product","2":"type-product","3":"status-publish","4":"has-post-thumbnail","6":"product_cat-nino_textil_sudaderas","7":"product_tag-puma","8":"pa_color-unico","9":"pa_talla-t-12","10":"thunk-woo-product-list","11":"opn-qv-enable","12":"open-woo-hover-","13":"open-single-product-tab-horizontal","14":"open-shadow-","15":"open-shadow-hover-","17":"first","18":"instock","19":"shipping-taxable","20":"purchasable","21":"product-type-variable"},"jetpack_sharing_enabled":true,"_links":{"self":[{"href":"https:\/\/www.deporteseli.com\/index.php?rest_route=\/wp\/v2\/product\/40089","targetHints":{"allow":["GET"]}}],"collection":[{"href":"https:\/\/www.deporteseli.com\/index.php?rest_route=\/wp\/v2\/product"}],"about":[{"href":"https:\/\/www.deporteseli.com\/index.php?rest_route=\/wp\/v2\/types\/product"}],"wp:featuredmedia":[{"embeddable":true,"href":"https:\/\/www.deporteseli.com\/index.php?rest_route=\/wp\/v2\/media\/54158"}],"wp:attachment":[{"href":"https:\/\/www.deporteseli.com\/index.php?rest_route=%2Fwp%2Fv2%2Fmedia&parent=40089"}],"wp:term":[{"taxonomy":"product_brand","embeddable":true,"href":"https:\/\/www.deporteseli.com\/index.php?rest_route=%2Fwp%2Fv2%2Fproduct_brand&post=40089"},{"taxonomy":"product_cat","embeddable":true,"href":"https:\/\/www.deporteseli.com\/index.php?rest_route=%2Fwp%2Fv2%2Fproduct_cat&post=40089"},{"taxonomy":"product_tag","embeddable":true,"href":"https:\/\/www.deporteseli.com\/index.php?rest_route=%2Fwp%2Fv2%2Fproduct_tag&post=40089"}],"curies":[{"name":"wp","href":"https:\/\/api.w.org\/{rel}","templated":true}]}}