{"id":40080,"date":"2026-01-27T18:45:49","date_gmt":"2026-01-27T18:45:49","guid":{"rendered":"https:\/\/www.deporteseli.com\/?product=joma-zapatillas-toledo-sala"},"modified":"2026-01-27T18:45:51","modified_gmt":"2026-01-27T18:45:51","slug":"joma-zapatillas-toledo-sala","status":"publish","type":"product","link":"https:\/\/www.deporteseli.com\/?product=joma-zapatillas-toledo-sala","title":{"rendered":"JOMA ZAPATILLAS TOLEDO SALA"},"content":{"rendered":"<p>Empeine Sint\u00e9tico Transpirable Gracias Al Sistema De Ventilaci\u00f3n Vts  Plantilla Eva Plana   V\u00e1stago Tex\u00f3n  Suela De Goma Durabilidad Con Flexo  Puntera reforzada  Zapatillas de f\u00fatbol sala para ni\u00f1o de la l\u00ednea Toledo de Joma y de color azul. Carcasa fabricada en una sola pieza en piel sint\u00e9tica FIBERTEC. Amortiguaci\u00f3n mejorada con la mediasuela de Texon y la plantilla EVA. Suela de goma para jugar en pista interior o exterior.                                                                                                                                                                                                                                                                                                                                                                                                                                                                                                                                                                                                                                                                                                                                                                                                                                                                                                                                                                                                                                        <\/p>\n","protected":false},"excerpt":{"rendered":"<p>JOMA ZAPATILLAS TOLEDO SALA<\/p>\n","protected":false},"featured_media":54150,"template":"","meta":[],"product_brand":[],"product_cat":[323],"product_tag":[31],"class_list":{"0":"post-40080","1":"product","2":"type-product","3":"status-publish","4":"has-post-thumbnail","6":"product_cat-deportes_futbol_botas_sala","7":"product_tag-joma","8":"pa_color-unico","9":"pa_talla-143","10":"thunk-woo-product-list","11":"opn-qv-enable","12":"open-woo-hover-","13":"open-single-product-tab-horizontal","14":"open-shadow-","15":"open-shadow-hover-","17":"first","18":"instock","19":"sale","20":"shipping-taxable","21":"purchasable","22":"product-type-variable"},"jetpack_sharing_enabled":true,"_links":{"self":[{"href":"https:\/\/www.deporteseli.com\/index.php?rest_route=\/wp\/v2\/product\/40080","targetHints":{"allow":["GET"]}}],"collection":[{"href":"https:\/\/www.deporteseli.com\/index.php?rest_route=\/wp\/v2\/product"}],"about":[{"href":"https:\/\/www.deporteseli.com\/index.php?rest_route=\/wp\/v2\/types\/product"}],"wp:featuredmedia":[{"embeddable":true,"href":"https:\/\/www.deporteseli.com\/index.php?rest_route=\/wp\/v2\/media\/54150"}],"wp:attachment":[{"href":"https:\/\/www.deporteseli.com\/index.php?rest_route=%2Fwp%2Fv2%2Fmedia&parent=40080"}],"wp:term":[{"taxonomy":"product_brand","embeddable":true,"href":"https:\/\/www.deporteseli.com\/index.php?rest_route=%2Fwp%2Fv2%2Fproduct_brand&post=40080"},{"taxonomy":"product_cat","embeddable":true,"href":"https:\/\/www.deporteseli.com\/index.php?rest_route=%2Fwp%2Fv2%2Fproduct_cat&post=40080"},{"taxonomy":"product_tag","embeddable":true,"href":"https:\/\/www.deporteseli.com\/index.php?rest_route=%2Fwp%2Fv2%2Fproduct_tag&post=40080"}],"curies":[{"name":"wp","href":"https:\/\/api.w.org\/{rel}","templated":true}]}}