{"id":40077,"date":"2026-01-27T18:45:42","date_gmt":"2026-01-27T18:45:42","guid":{"rendered":"https:\/\/www.deporteseli.com\/?product=joma-toledo-turf-junior"},"modified":"2026-01-27T18:45:48","modified_gmt":"2026-01-27T18:45:48","slug":"joma-toledo-turf-junior","status":"publish","type":"product","link":"https:\/\/www.deporteseli.com\/?product=joma-toledo-turf-junior","title":{"rendered":"JOMA TOLEDO TURF JUNIOR"},"content":{"rendered":"<p>La zapatilla JOMA TOLEDO JR 2304 ROYAL TURF es una zapatilla de f\u00fatbol turf para ni\u00f1a\/o, para jugadores r\u00e1pidos que quieran moverse con agilidad sinti\u00e9ndose siempre c\u00f3modos y protegidos.  CARACTER\u00cdSTICAS T\u00c9CNICAS:    Fabricada con una sola pieza en Micro-PU, material sint\u00e9tico, ligero y resistente que promueve un buen tacto con el bal\u00f3n. Zona del tal\u00f3n reforzada  Cuello de la bota y leng\u00fceta ligeramente acolchada que aporta un plus de comodidad  Cordones planos para un mejor ajuste  Llamativo dise\u00f1o en color azul con detalles en amarillo fluor  La suela flexo es multitacos y tiene unas ranuras que le dan un plus de flexibilidad                                                                                                                                                                                                                                                                                                                                                                                                                                                                                                                                                                                                                                                                                                                                                                                                                                                                                                                                                                                                                                        <\/p>\n","protected":false},"excerpt":{"rendered":"<p>JOMA TOLEDO TURF JUNIOR<\/p>\n","protected":false},"featured_media":54146,"template":"","meta":[],"product_brand":[],"product_cat":[318],"product_tag":[31],"class_list":{"0":"post-40077","1":"product","2":"type-product","3":"status-publish","4":"has-post-thumbnail","6":"product_cat-deportes_futbol_botas","7":"product_tag-joma","8":"pa_color-unico","9":"pa_talla-141","10":"pa_talla-145","11":"thunk-woo-product-list","12":"opn-qv-enable","13":"open-woo-hover-","14":"open-single-product-tab-horizontal","15":"open-shadow-","16":"open-shadow-hover-","18":"first","19":"instock","20":"sale","21":"shipping-taxable","22":"purchasable","23":"product-type-variable"},"jetpack_sharing_enabled":true,"_links":{"self":[{"href":"https:\/\/www.deporteseli.com\/index.php?rest_route=\/wp\/v2\/product\/40077","targetHints":{"allow":["GET"]}}],"collection":[{"href":"https:\/\/www.deporteseli.com\/index.php?rest_route=\/wp\/v2\/product"}],"about":[{"href":"https:\/\/www.deporteseli.com\/index.php?rest_route=\/wp\/v2\/types\/product"}],"wp:featuredmedia":[{"embeddable":true,"href":"https:\/\/www.deporteseli.com\/index.php?rest_route=\/wp\/v2\/media\/54146"}],"wp:attachment":[{"href":"https:\/\/www.deporteseli.com\/index.php?rest_route=%2Fwp%2Fv2%2Fmedia&parent=40077"}],"wp:term":[{"taxonomy":"product_brand","embeddable":true,"href":"https:\/\/www.deporteseli.com\/index.php?rest_route=%2Fwp%2Fv2%2Fproduct_brand&post=40077"},{"taxonomy":"product_cat","embeddable":true,"href":"https:\/\/www.deporteseli.com\/index.php?rest_route=%2Fwp%2Fv2%2Fproduct_cat&post=40077"},{"taxonomy":"product_tag","embeddable":true,"href":"https:\/\/www.deporteseli.com\/index.php?rest_route=%2Fwp%2Fv2%2Fproduct_tag&post=40077"}],"curies":[{"name":"wp","href":"https:\/\/api.w.org\/{rel}","templated":true}]}}