{"id":40075,"date":"2026-01-27T18:45:37","date_gmt":"2026-01-27T18:45:37","guid":{"rendered":"https:\/\/www.deporteseli.com\/?product=chandal-adidas-ij6327"},"modified":"2026-03-07T05:41:10","modified_gmt":"2026-03-07T05:41:10","slug":"chandal-adidas-ij6327","status":"publish","type":"product","link":"https:\/\/www.deporteseli.com\/?product=chandal-adidas-ij6327","title":{"rendered":"CHANDAL ADIDAS IJ6327"},"content":{"rendered":"<p>Un conjunto de jogging para peque\u00f1os deportistas.  &#8211; Conjunto &#8216;Adidas&#8217;  &#8211; Sudadera de felpa no perchada (french terry)  &#8211; Efecto jaspeado en la parte delantera  &#8211; Con capucha  &#8211; Cuello con capucha  &#8211; Manga larga   bandas a contraste en los laterales  &#8211; Logotipo de &#8216;Adidas&#8217; en la parte delantera  &#8211; Acabados de punto de canal\u00e9  &#8211; Pantal\u00f3n a juego  &#8211; Cintura el\u00e1stica  &#8211; Bandas a contraste en los laterales  &#8211; Logotipo de &#8216;Adidas&#8217; en la parte delantera                                                                                                                                                                                                                                                                                                                                                                                                                                                                                                                                                                                                                                                                                                                                                                                                                                                                                                                                                                                                                                        <\/p>\n","protected":false},"excerpt":{"rendered":"<p>CHANDAL ADIDAS IJ6327<\/p>\n","protected":false},"featured_media":54143,"template":"","meta":[],"product_brand":[],"product_cat":[380],"product_tag":[18],"class_list":{"0":"post-40075","1":"product","2":"type-product","3":"status-publish","4":"has-post-thumbnail","6":"product_cat-ninas_textil_chandals","7":"product_tag-adidas","8":"pa_color-unico","9":"pa_talla-t-4","10":"thunk-woo-product-list","11":"opn-qv-enable","12":"open-woo-hover-","13":"open-single-product-tab-horizontal","14":"open-shadow-","15":"open-shadow-hover-","17":"first","18":"instock","19":"shipping-taxable","20":"purchasable","21":"product-type-variable"},"jetpack_sharing_enabled":true,"_links":{"self":[{"href":"https:\/\/www.deporteseli.com\/index.php?rest_route=\/wp\/v2\/product\/40075","targetHints":{"allow":["GET"]}}],"collection":[{"href":"https:\/\/www.deporteseli.com\/index.php?rest_route=\/wp\/v2\/product"}],"about":[{"href":"https:\/\/www.deporteseli.com\/index.php?rest_route=\/wp\/v2\/types\/product"}],"wp:featuredmedia":[{"embeddable":true,"href":"https:\/\/www.deporteseli.com\/index.php?rest_route=\/wp\/v2\/media\/54143"}],"wp:attachment":[{"href":"https:\/\/www.deporteseli.com\/index.php?rest_route=%2Fwp%2Fv2%2Fmedia&parent=40075"}],"wp:term":[{"taxonomy":"product_brand","embeddable":true,"href":"https:\/\/www.deporteseli.com\/index.php?rest_route=%2Fwp%2Fv2%2Fproduct_brand&post=40075"},{"taxonomy":"product_cat","embeddable":true,"href":"https:\/\/www.deporteseli.com\/index.php?rest_route=%2Fwp%2Fv2%2Fproduct_cat&post=40075"},{"taxonomy":"product_tag","embeddable":true,"href":"https:\/\/www.deporteseli.com\/index.php?rest_route=%2Fwp%2Fv2%2Fproduct_tag&post=40075"}],"curies":[{"name":"wp","href":"https:\/\/api.w.org\/{rel}","templated":true}]}}