{"id":40073,"date":"2026-01-27T18:45:31","date_gmt":"2026-01-27T18:45:31","guid":{"rendered":"https:\/\/www.deporteseli.com\/?product=balon-starlancer-plus"},"modified":"2026-01-27T18:45:35","modified_gmt":"2026-01-27T18:45:35","slug":"balon-starlancer-plus","status":"publish","type":"product","link":"https:\/\/www.deporteseli.com\/?product=balon-starlancer-plus","title":{"rendered":"BAL\u00f3N STARLANCER PLUS"},"content":{"rendered":"<p>PERFECTO PARA ENTRENAR Y JUGAR PARTIDILLOS  Domina el terreno de juego. Este bal\u00f3n de f\u00fatbol adidas Starlancer Plus es perfecto para entrenar o disputar partidillos gracias a su resistente cubierta de TPU y a su estructura cosida a m\u00e1quina. La c\u00e1mara de butilo lo mantiene inflado durante m\u00e1s tiempo.  Cubierta 100% TPU reciclado  Cosido a m\u00e1quina  C\u00e1mara de butilo  Es necesario inflarlo  Color del art\u00edculo: White \/ Red \/ Black  N\u00famero de art\u00edculo: IA0969                                                                                                                                                                                                                                                                                                                                                                                                                                                                                                                                                                                                                                                                                                                                                                                                                                                                                                                                                                                                                                        <\/p>\n","protected":false},"excerpt":{"rendered":"<p>BAL\u00f3N STARLANCER PLUS<\/p>\n","protected":false},"featured_media":54141,"template":"","meta":[],"product_brand":[],"product_cat":[347],"product_tag":[18],"class_list":{"0":"post-40073","1":"product","2":"type-product","3":"status-publish","4":"has-post-thumbnail","6":"product_cat-deportes_balones","7":"product_tag-adidas","8":"pa_color-unico","9":"pa_talla-168","10":"thunk-woo-product-list","11":"opn-qv-enable","12":"open-woo-hover-","13":"open-single-product-tab-horizontal","14":"open-shadow-","15":"open-shadow-hover-","17":"first","18":"instock","19":"shipping-taxable","20":"purchasable","21":"product-type-variable"},"jetpack_sharing_enabled":true,"_links":{"self":[{"href":"https:\/\/www.deporteseli.com\/index.php?rest_route=\/wp\/v2\/product\/40073","targetHints":{"allow":["GET"]}}],"collection":[{"href":"https:\/\/www.deporteseli.com\/index.php?rest_route=\/wp\/v2\/product"}],"about":[{"href":"https:\/\/www.deporteseli.com\/index.php?rest_route=\/wp\/v2\/types\/product"}],"wp:featuredmedia":[{"embeddable":true,"href":"https:\/\/www.deporteseli.com\/index.php?rest_route=\/wp\/v2\/media\/54141"}],"wp:attachment":[{"href":"https:\/\/www.deporteseli.com\/index.php?rest_route=%2Fwp%2Fv2%2Fmedia&parent=40073"}],"wp:term":[{"taxonomy":"product_brand","embeddable":true,"href":"https:\/\/www.deporteseli.com\/index.php?rest_route=%2Fwp%2Fv2%2Fproduct_brand&post=40073"},{"taxonomy":"product_cat","embeddable":true,"href":"https:\/\/www.deporteseli.com\/index.php?rest_route=%2Fwp%2Fv2%2Fproduct_cat&post=40073"},{"taxonomy":"product_tag","embeddable":true,"href":"https:\/\/www.deporteseli.com\/index.php?rest_route=%2Fwp%2Fv2%2Fproduct_tag&post=40073"}],"curies":[{"name":"wp","href":"https:\/\/api.w.org\/{rel}","templated":true}]}}