{"id":40070,"date":"2026-01-27T18:45:26","date_gmt":"2026-01-27T18:45:26","guid":{"rendered":"https:\/\/www.deporteseli.com\/?product=balon-entrenamiento-predator"},"modified":"2026-01-27T18:45:30","modified_gmt":"2026-01-27T18:45:30","slug":"balon-entrenamiento-predator","status":"publish","type":"product","link":"https:\/\/www.deporteseli.com\/?product=balon-entrenamiento-predator","title":{"rendered":"BAL\u00f3N ENTRENAMIENTO PREDATOR"},"content":{"rendered":"<p>AFINA TU T\u00c9CNICA  Chuta con m\u00e1s precisi\u00f3n con este bal\u00f3n de entrenamiento adidas Predator. Ideal para perfeccionar tu t\u00e9cnica futbol\u00edstica, presenta una cubierta de TPU cosida a m\u00e1quina muy resistente al desgaste y unos estampados inspirados en el calzado Predator. La c\u00e1mara de butilo en el interior te garantiza un inflado m\u00e1s duradero.  Cubierta 100% TPU reciclado  Superficie cosida a m\u00e1quina  C\u00e1mara de butilo  Es necesario inflarlo  Color del art\u00edculo: White \/ Lucid Lemon \/ Black  N\u00famero de art\u00edculo: IA0918                                                                                                                                                                                                                                                                                                                                                                                                                                                                                                                                                                                                                                                                                                                                                                                                                                                                                                                                                                                                                                        <\/p>\n","protected":false},"excerpt":{"rendered":"<p>BAL\u00f3N ENTRENAMIENTO PREDATOR<\/p>\n","protected":false},"featured_media":54138,"template":"","meta":[],"product_brand":[],"product_cat":[347],"product_tag":[18],"class_list":{"0":"post-40070","1":"product","2":"type-product","3":"status-publish","4":"has-post-thumbnail","6":"product_cat-deportes_balones","7":"product_tag-adidas","8":"pa_color-unico","9":"pa_talla-168","10":"pa_talla-169","11":"thunk-woo-product-list","12":"opn-qv-enable","13":"open-woo-hover-","14":"open-single-product-tab-horizontal","15":"open-shadow-","16":"open-shadow-hover-","18":"first","19":"instock","20":"shipping-taxable","21":"purchasable","22":"product-type-variable"},"jetpack_sharing_enabled":true,"_links":{"self":[{"href":"https:\/\/www.deporteseli.com\/index.php?rest_route=\/wp\/v2\/product\/40070","targetHints":{"allow":["GET"]}}],"collection":[{"href":"https:\/\/www.deporteseli.com\/index.php?rest_route=\/wp\/v2\/product"}],"about":[{"href":"https:\/\/www.deporteseli.com\/index.php?rest_route=\/wp\/v2\/types\/product"}],"wp:featuredmedia":[{"embeddable":true,"href":"https:\/\/www.deporteseli.com\/index.php?rest_route=\/wp\/v2\/media\/54138"}],"wp:attachment":[{"href":"https:\/\/www.deporteseli.com\/index.php?rest_route=%2Fwp%2Fv2%2Fmedia&parent=40070"}],"wp:term":[{"taxonomy":"product_brand","embeddable":true,"href":"https:\/\/www.deporteseli.com\/index.php?rest_route=%2Fwp%2Fv2%2Fproduct_brand&post=40070"},{"taxonomy":"product_cat","embeddable":true,"href":"https:\/\/www.deporteseli.com\/index.php?rest_route=%2Fwp%2Fv2%2Fproduct_cat&post=40070"},{"taxonomy":"product_tag","embeddable":true,"href":"https:\/\/www.deporteseli.com\/index.php?rest_route=%2Fwp%2Fv2%2Fproduct_tag&post=40070"}],"curies":[{"name":"wp","href":"https:\/\/api.w.org\/{rel}","templated":true}]}}