{"id":40057,"date":"2026-01-27T18:45:05","date_gmt":"2026-01-27T18:45:05","guid":{"rendered":"https:\/\/www.deporteseli.com\/?product=champion-chandal-powerblend"},"modified":"2026-03-07T05:40:57","modified_gmt":"2026-03-07T05:40:57","slug":"champion-chandal-powerblend","status":"publish","type":"product","link":"https:\/\/www.deporteseli.com\/?product=champion-chandal-powerblend","title":{"rendered":"CHAMPION CH\u00e1NDAL POWERBLEND"},"content":{"rendered":"<p>Este ch\u00e1ndal es la prenda ideal para esos d\u00edas en los que solo quieres relajarte en el sof\u00e1. El c\u00f3modo modelo con interior polar est\u00e1 confeccionado en un tejido c\u00e1lido y suave.      Detalles    Logotipo de campe\u00f3n peque\u00f1o  Top con cierre de cremallera  Cintura con cord\u00f3n el\u00e1stico  Bolsillos en ambos extremos  Tejido mezcla de algod\u00f3n Powerblend de 280 g\/m2 con interior polar  54% Algod\u00f3n, 46% Poli\u00e9ster  Comfort Fit para un ajuste holgado y relajado                                                                                                                                                                                                                                                                                                                                                                                                                                                                                                                                                                                                                                                                                                                                                                                                                                                                                                                                                                                                                                        <\/p>\n","protected":false},"excerpt":{"rendered":"<p>CHAMPION CH\u00e1NDAL POWERBLEND<\/p>\n","protected":false},"featured_media":54132,"template":"","meta":[],"product_brand":[],"product_cat":[248],"product_tag":[51],"class_list":{"0":"post-40057","1":"product","2":"type-product","3":"status-publish","4":"has-post-thumbnail","6":"product_cat-hombre_textil_chandals","7":"product_tag-champion","8":"pa_color-unico","9":"pa_talla-m","10":"thunk-woo-product-list","11":"opn-qv-enable","12":"open-woo-hover-","13":"open-single-product-tab-horizontal","14":"open-shadow-","15":"open-shadow-hover-","17":"first","18":"instock","19":"shipping-taxable","20":"purchasable","21":"product-type-variable"},"jetpack_sharing_enabled":true,"_links":{"self":[{"href":"https:\/\/www.deporteseli.com\/index.php?rest_route=\/wp\/v2\/product\/40057","targetHints":{"allow":["GET"]}}],"collection":[{"href":"https:\/\/www.deporteseli.com\/index.php?rest_route=\/wp\/v2\/product"}],"about":[{"href":"https:\/\/www.deporteseli.com\/index.php?rest_route=\/wp\/v2\/types\/product"}],"wp:featuredmedia":[{"embeddable":true,"href":"https:\/\/www.deporteseli.com\/index.php?rest_route=\/wp\/v2\/media\/54132"}],"wp:attachment":[{"href":"https:\/\/www.deporteseli.com\/index.php?rest_route=%2Fwp%2Fv2%2Fmedia&parent=40057"}],"wp:term":[{"taxonomy":"product_brand","embeddable":true,"href":"https:\/\/www.deporteseli.com\/index.php?rest_route=%2Fwp%2Fv2%2Fproduct_brand&post=40057"},{"taxonomy":"product_cat","embeddable":true,"href":"https:\/\/www.deporteseli.com\/index.php?rest_route=%2Fwp%2Fv2%2Fproduct_cat&post=40057"},{"taxonomy":"product_tag","embeddable":true,"href":"https:\/\/www.deporteseli.com\/index.php?rest_route=%2Fwp%2Fv2%2Fproduct_tag&post=40057"}],"curies":[{"name":"wp","href":"https:\/\/api.w.org\/{rel}","templated":true}]}}