{"id":40051,"date":"2026-01-27T18:44:58","date_gmt":"2026-01-27T18:44:58","guid":{"rendered":"https:\/\/www.deporteseli.com\/?product=adidas-essentials"},"modified":"2026-03-07T05:40:50","modified_gmt":"2026-03-07T05:40:50","slug":"adidas-essentials","status":"publish","type":"product","link":"https:\/\/www.deporteseli.com\/?product=adidas-essentials","title":{"rendered":"ADIDAS ESSENTIALS"},"content":{"rendered":"<p>Chaqueta impermeable tejida para mujer adidas Essentials 3-Stripes  Cuando el tiempo se vuelva gris, sal a la calle con este cortavientos adidas. Resistente pero ligero, es f\u00e1cil de poner cuando el tiempo se pone feo. Su corte holgado permite llevarlo sobre la ropa deautres. Fabricado con materiales 100% reciclados, este producto es s\u00f3lo una de nuestras soluciones para combatir los residuos pl\u00e1sticos.    Corte holgado.  Cremallera completa con capucha ajustable mediante cord\u00f3n.  Tejido 100% reciclado nylon.  Bolsillos laterales.  Pu\u00f1os y bajo el\u00e1sticos.                                                                                                                                                                                                                                                                                                                                                                                                                                                                                                                                                                                                                                                                                                                                                                                                                                                                                                                                                                                                                                        <\/p>\n","protected":false},"excerpt":{"rendered":"<p>ADIDAS ESSENTIALS<\/p>\n","protected":false},"featured_media":54128,"template":"","meta":[],"product_brand":[],"product_cat":[279],"product_tag":[18],"class_list":{"0":"post-40051","1":"product","2":"type-product","3":"status-publish","4":"has-post-thumbnail","6":"product_cat-mujer_textil_sudaderas","7":"product_tag-adidas","8":"pa_color-unico","9":"pa_talla-l","10":"thunk-woo-product-list","11":"opn-qv-enable","12":"open-woo-hover-","13":"open-single-product-tab-horizontal","14":"open-shadow-","15":"open-shadow-hover-","17":"first","18":"instock","19":"shipping-taxable","20":"purchasable","21":"product-type-variable"},"jetpack_sharing_enabled":true,"_links":{"self":[{"href":"https:\/\/www.deporteseli.com\/index.php?rest_route=\/wp\/v2\/product\/40051","targetHints":{"allow":["GET"]}}],"collection":[{"href":"https:\/\/www.deporteseli.com\/index.php?rest_route=\/wp\/v2\/product"}],"about":[{"href":"https:\/\/www.deporteseli.com\/index.php?rest_route=\/wp\/v2\/types\/product"}],"wp:featuredmedia":[{"embeddable":true,"href":"https:\/\/www.deporteseli.com\/index.php?rest_route=\/wp\/v2\/media\/54128"}],"wp:attachment":[{"href":"https:\/\/www.deporteseli.com\/index.php?rest_route=%2Fwp%2Fv2%2Fmedia&parent=40051"}],"wp:term":[{"taxonomy":"product_brand","embeddable":true,"href":"https:\/\/www.deporteseli.com\/index.php?rest_route=%2Fwp%2Fv2%2Fproduct_brand&post=40051"},{"taxonomy":"product_cat","embeddable":true,"href":"https:\/\/www.deporteseli.com\/index.php?rest_route=%2Fwp%2Fv2%2Fproduct_cat&post=40051"},{"taxonomy":"product_tag","embeddable":true,"href":"https:\/\/www.deporteseli.com\/index.php?rest_route=%2Fwp%2Fv2%2Fproduct_tag&post=40051"}],"curies":[{"name":"wp","href":"https:\/\/api.w.org\/{rel}","templated":true}]}}