{"id":40046,"date":"2026-01-27T18:44:51","date_gmt":"2026-01-27T18:44:51","guid":{"rendered":"https:\/\/www.deporteseli.com\/?product=leggings-de-algodon-para-ninas-adidas"},"modified":"2026-03-07T05:40:49","modified_gmt":"2026-03-07T05:40:49","slug":"leggings-de-algodon-para-ninas-adidas","status":"publish","type":"product","link":"https:\/\/www.deporteseli.com\/?product=leggings-de-algodon-para-ninas-adidas","title":{"rendered":"LEGGINGS DE ALGOD\u00f3N PARA NI\u00f1AS ADIDAS"},"content":{"rendered":"<p>Leggings de algod\u00f3n para ni\u00f1as adidas 3-Stripes Essentials  Ya sea para pasear al perro o para ver una pel\u00edcula, estas mallas junior de adidas son una opci\u00f3n c\u00f3moda. Estas mallas cl\u00e1sicas y elegantes combinan bien con camisetas de tirantes para entrenar, as\u00ed como con camisetas informales, mientras que el tiro medio el\u00e1stico est\u00e1 dise\u00f1ado para mantenerse en su sitio con cada paso, cada estiramiento y cada acurrucamiento en el sof\u00e1. Ajuste fino                                                                                                                                                                                                                                                                                                                                                                                                                                                                                                                                                                                                                                                                                                                                                                                                                                                                                                                                                                                                                                        <\/p>\n","protected":false},"excerpt":{"rendered":"<p>LEGGINGS DE ALGOD\u00f3N PARA NI\u00f1AS ADIDAS<\/p>\n","protected":false},"featured_media":54125,"template":"","meta":[],"product_brand":[],"product_cat":[386],"product_tag":[18],"class_list":{"0":"post-40046","1":"product","2":"type-product","3":"status-publish","4":"has-post-thumbnail","6":"product_cat-ninas_textil_mallas","7":"product_tag-adidas","8":"pa_color-unico","9":"pa_talla-t-10","10":"pa_talla-t-14","11":"pa_talla-t-16","12":"pa_talla-t-8","13":"thunk-woo-product-list","14":"opn-qv-enable","15":"open-woo-hover-","16":"open-single-product-tab-horizontal","17":"open-shadow-","18":"open-shadow-hover-","20":"first","21":"instock","22":"shipping-taxable","23":"purchasable","24":"product-type-variable"},"jetpack_sharing_enabled":true,"_links":{"self":[{"href":"https:\/\/www.deporteseli.com\/index.php?rest_route=\/wp\/v2\/product\/40046","targetHints":{"allow":["GET"]}}],"collection":[{"href":"https:\/\/www.deporteseli.com\/index.php?rest_route=\/wp\/v2\/product"}],"about":[{"href":"https:\/\/www.deporteseli.com\/index.php?rest_route=\/wp\/v2\/types\/product"}],"wp:featuredmedia":[{"embeddable":true,"href":"https:\/\/www.deporteseli.com\/index.php?rest_route=\/wp\/v2\/media\/54125"}],"wp:attachment":[{"href":"https:\/\/www.deporteseli.com\/index.php?rest_route=%2Fwp%2Fv2%2Fmedia&parent=40046"}],"wp:term":[{"taxonomy":"product_brand","embeddable":true,"href":"https:\/\/www.deporteseli.com\/index.php?rest_route=%2Fwp%2Fv2%2Fproduct_brand&post=40046"},{"taxonomy":"product_cat","embeddable":true,"href":"https:\/\/www.deporteseli.com\/index.php?rest_route=%2Fwp%2Fv2%2Fproduct_cat&post=40046"},{"taxonomy":"product_tag","embeddable":true,"href":"https:\/\/www.deporteseli.com\/index.php?rest_route=%2Fwp%2Fv2%2Fproduct_tag&post=40046"}],"curies":[{"name":"wp","href":"https:\/\/api.w.org\/{rel}","templated":true}]}}