{"id":40043,"date":"2026-01-27T18:44:47","date_gmt":"2026-01-27T18:44:47","guid":{"rendered":"https:\/\/www.deporteseli.com\/?product=calcetin-bullpadel-bp2311fw"},"modified":"2026-01-27T18:44:50","modified_gmt":"2026-01-27T18:44:50","slug":"calcetin-bullpadel-bp2311fw","status":"publish","type":"product","link":"https:\/\/www.deporteseli.com\/?product=calcetin-bullpadel-bp2311fw","title":{"rendered":"CALCETIN BULLPADEL BP2311FW"},"content":{"rendered":"<p>Calcetines altos fabricados con base de tejido de algod\u00f3n. Son ideales para la pr\u00e1ctica del p\u00e1del, muy c\u00f3modos y no se marcan en la piel. Presentan un canal de aire que regula la temperatura y la planta acolchada para mayor comodidad.  Pack de tres calcetines Unisex    Color: Negro, Naranja y Cereza    Composici\u00f3n: 80% algod\u00f3n &#8211; 15% poliamida &#8211; 3% elast\u00e1n &#8211; 2% elastodieno.                                                                                                                                                                                                                                                                                                                                                                                                                                                                                                                                                                                                                                                                                                                                                                                                                                                                                                                                                                                                                                        <\/p>\n","protected":false},"excerpt":{"rendered":"<p>CALCETIN BULLPADEL BP2311FW<\/p>\n","protected":false},"featured_media":54124,"template":"","meta":[],"product_brand":[],"product_cat":[400],"product_tag":[21],"class_list":{"0":"post-40043","1":"product","2":"type-product","3":"status-publish","4":"has-post-thumbnail","6":"product_cat-accesorios_calcetines","7":"product_tag-bull_padel","8":"pa_color-unico","9":"pa_talla-l","10":"pa_talla-s","11":"thunk-woo-product-list","12":"opn-qv-enable","13":"open-woo-hover-","14":"open-single-product-tab-horizontal","15":"open-shadow-","16":"open-shadow-hover-","18":"first","19":"instock","20":"shipping-taxable","21":"purchasable","22":"product-type-variable"},"jetpack_sharing_enabled":true,"_links":{"self":[{"href":"https:\/\/www.deporteseli.com\/index.php?rest_route=\/wp\/v2\/product\/40043","targetHints":{"allow":["GET"]}}],"collection":[{"href":"https:\/\/www.deporteseli.com\/index.php?rest_route=\/wp\/v2\/product"}],"about":[{"href":"https:\/\/www.deporteseli.com\/index.php?rest_route=\/wp\/v2\/types\/product"}],"wp:featuredmedia":[{"embeddable":true,"href":"https:\/\/www.deporteseli.com\/index.php?rest_route=\/wp\/v2\/media\/54124"}],"wp:attachment":[{"href":"https:\/\/www.deporteseli.com\/index.php?rest_route=%2Fwp%2Fv2%2Fmedia&parent=40043"}],"wp:term":[{"taxonomy":"product_brand","embeddable":true,"href":"https:\/\/www.deporteseli.com\/index.php?rest_route=%2Fwp%2Fv2%2Fproduct_brand&post=40043"},{"taxonomy":"product_cat","embeddable":true,"href":"https:\/\/www.deporteseli.com\/index.php?rest_route=%2Fwp%2Fv2%2Fproduct_cat&post=40043"},{"taxonomy":"product_tag","embeddable":true,"href":"https:\/\/www.deporteseli.com\/index.php?rest_route=%2Fwp%2Fv2%2Fproduct_tag&post=40043"}],"curies":[{"name":"wp","href":"https:\/\/api.w.org\/{rel}","templated":true}]}}