{"id":40040,"date":"2026-01-27T18:44:44","date_gmt":"2026-01-27T18:44:44","guid":{"rendered":"https:\/\/www.deporteseli.com\/?product=calcetin-bullpadel-bp2310fw"},"modified":"2026-01-27T18:44:47","modified_gmt":"2026-01-27T18:44:47","slug":"calcetin-bullpadel-bp2310fw","status":"publish","type":"product","link":"https:\/\/www.deporteseli.com\/?product=calcetin-bullpadel-bp2310fw","title":{"rendered":"CALCETIN BULLPADEL BP2310FW"},"content":{"rendered":"<p>Calcetines altos fabricados con base de tejido de algod\u00f3n. Son ideales para la pr\u00e1ctica del p\u00e1del, muy c\u00f3modos y no se marcan en la piel. Presentan un canal de aire que regula la temperatura y la planta acolchada para mayor comodidad.  Pack de tres calcetines Unisex                                                                                                                                                                                                                                                                                                                                                                                                                                                                                                                                                                                                                                                                                                                                                                                                                                                                                                                                                                                                                                        <\/p>\n","protected":false},"excerpt":{"rendered":"<p>CALCETIN BULLPADEL BP2310FW<\/p>\n","protected":false},"featured_media":54123,"template":"","meta":[],"product_brand":[],"product_cat":[400],"product_tag":[21],"class_list":{"0":"post-40040","1":"product","2":"type-product","3":"status-publish","4":"has-post-thumbnail","6":"product_cat-accesorios_calcetines","7":"product_tag-bull_padel","8":"pa_color-unico","9":"pa_talla-l","10":"pa_talla-m","11":"thunk-woo-product-list","12":"opn-qv-enable","13":"open-woo-hover-","14":"open-single-product-tab-horizontal","15":"open-shadow-","16":"open-shadow-hover-","18":"first","19":"instock","20":"shipping-taxable","21":"purchasable","22":"product-type-variable"},"jetpack_sharing_enabled":true,"_links":{"self":[{"href":"https:\/\/www.deporteseli.com\/index.php?rest_route=\/wp\/v2\/product\/40040","targetHints":{"allow":["GET"]}}],"collection":[{"href":"https:\/\/www.deporteseli.com\/index.php?rest_route=\/wp\/v2\/product"}],"about":[{"href":"https:\/\/www.deporteseli.com\/index.php?rest_route=\/wp\/v2\/types\/product"}],"wp:featuredmedia":[{"embeddable":true,"href":"https:\/\/www.deporteseli.com\/index.php?rest_route=\/wp\/v2\/media\/54123"}],"wp:attachment":[{"href":"https:\/\/www.deporteseli.com\/index.php?rest_route=%2Fwp%2Fv2%2Fmedia&parent=40040"}],"wp:term":[{"taxonomy":"product_brand","embeddable":true,"href":"https:\/\/www.deporteseli.com\/index.php?rest_route=%2Fwp%2Fv2%2Fproduct_brand&post=40040"},{"taxonomy":"product_cat","embeddable":true,"href":"https:\/\/www.deporteseli.com\/index.php?rest_route=%2Fwp%2Fv2%2Fproduct_cat&post=40040"},{"taxonomy":"product_tag","embeddable":true,"href":"https:\/\/www.deporteseli.com\/index.php?rest_route=%2Fwp%2Fv2%2Fproduct_tag&post=40040"}],"curies":[{"name":"wp","href":"https:\/\/api.w.org\/{rel}","templated":true}]}}