{"id":40029,"date":"2026-01-27T18:44:30","date_gmt":"2026-01-27T18:44:30","guid":{"rendered":"https:\/\/www.deporteseli.com\/?product=short-bullpadel-opaco"},"modified":"2026-03-07T05:40:32","modified_gmt":"2026-03-07T05:40:32","slug":"short-bullpadel-opaco","status":"publish","type":"product","link":"https:\/\/www.deporteseli.com\/?product=short-bullpadel-opaco","title":{"rendered":"SHORT BULLPADEL OPACO"},"content":{"rendered":"<p>Bermuda fabricada en rejilla de poli\u00e9ster con acabado de secado r\u00e1pido. Este modelo presenta inserciones de rejilla el\u00e1stica en los bolsillos, cinturilla el\u00e1stica, decoraci\u00f3n en el lateral izquierdo y el logotipo en el frontal.  Short de hombre de nuestra l\u00ednea Court.    Color: negro    Composici\u00f3n: 100% poli\u00e9ster. Marbled fake mesh.    Tejido t\u00e9cnico: Quicker dry                                                                                                                                                                                                                                                                                                                                                                                                                                                                                                                                                                                                                                                                                                                                                                                                                                                                                                                                                                                                                                        <\/p>\n","protected":false},"excerpt":{"rendered":"<p>SHORT BULLPADEL OPACO<\/p>\n","protected":false},"featured_media":54103,"template":"","meta":[],"product_brand":[],"product_cat":[365],"product_tag":[21],"class_list":{"0":"post-40029","1":"product","2":"type-product","3":"status-publish","4":"has-post-thumbnail","6":"product_cat-padel_y_tenis_textil_shorts","7":"product_tag-bull_padel","8":"pa_color-unico","9":"pa_talla-s","10":"thunk-woo-product-list","11":"opn-qv-enable","12":"open-woo-hover-","13":"open-single-product-tab-horizontal","14":"open-shadow-","15":"open-shadow-hover-","17":"first","18":"instock","19":"shipping-taxable","20":"purchasable","21":"product-type-variable"},"jetpack_sharing_enabled":true,"_links":{"self":[{"href":"https:\/\/www.deporteseli.com\/index.php?rest_route=\/wp\/v2\/product\/40029","targetHints":{"allow":["GET"]}}],"collection":[{"href":"https:\/\/www.deporteseli.com\/index.php?rest_route=\/wp\/v2\/product"}],"about":[{"href":"https:\/\/www.deporteseli.com\/index.php?rest_route=\/wp\/v2\/types\/product"}],"wp:featuredmedia":[{"embeddable":true,"href":"https:\/\/www.deporteseli.com\/index.php?rest_route=\/wp\/v2\/media\/54103"}],"wp:attachment":[{"href":"https:\/\/www.deporteseli.com\/index.php?rest_route=%2Fwp%2Fv2%2Fmedia&parent=40029"}],"wp:term":[{"taxonomy":"product_brand","embeddable":true,"href":"https:\/\/www.deporteseli.com\/index.php?rest_route=%2Fwp%2Fv2%2Fproduct_brand&post=40029"},{"taxonomy":"product_cat","embeddable":true,"href":"https:\/\/www.deporteseli.com\/index.php?rest_route=%2Fwp%2Fv2%2Fproduct_cat&post=40029"},{"taxonomy":"product_tag","embeddable":true,"href":"https:\/\/www.deporteseli.com\/index.php?rest_route=%2Fwp%2Fv2%2Fproduct_tag&post=40029"}],"curies":[{"name":"wp","href":"https:\/\/api.w.org\/{rel}","templated":true}]}}