{"id":40013,"date":"2026-01-27T18:44:08","date_gmt":"2026-01-27T18:44:08","guid":{"rendered":"https:\/\/www.deporteseli.com\/?product=falda-bullpadel-rolde"},"modified":"2026-03-07T05:40:15","modified_gmt":"2026-03-07T05:40:15","slug":"falda-bullpadel-rolde","status":"publish","type":"product","link":"https:\/\/www.deporteseli.com\/?product=falda-bullpadel-rolde","title":{"rendered":"FALDA BULLPADEL ROLDE"},"content":{"rendered":"<p>Falda con cinturilla sculpt con la firma de nuestra jugadora Alejandra Salazar, confeccionada en single el\u00e1stico con acabado de secado r\u00e1pido. El dise\u00f1o presenta inserciones de tul el\u00e1stico, una banda termosellada en los laterales y el logotipo en el frontal.  Falda Bullpadel de nuestra l\u00ednea Padel is my Power, seleccionada y firmada por nuestra jugadora Alejandra Salazar.    Color: Uva tamizado  Composici\u00f3n: 86% poli\u00e9ster &#8211; 14% elast\u00e1n. Elastic Jersey.                                                                                                                                                                                                                                                                                                                                                                                                                                                                                                                                                                                                                                                                                                                                                                                                                                                                                                                                                                                                                                        <\/p>\n","protected":false},"excerpt":{"rendered":"<p>FALDA BULLPADEL ROLDE<\/p>\n","protected":false},"featured_media":54071,"template":"","meta":[],"product_brand":[],"product_cat":[366],"product_tag":[21],"class_list":{"0":"post-40013","1":"product","2":"type-product","3":"status-publish","4":"has-post-thumbnail","6":"product_cat-padel_y_tenis_textil_faldas","7":"product_tag-bull_padel","8":"pa_color-unico","9":"pa_talla-xl","10":"thunk-woo-product-list","11":"opn-qv-enable","12":"open-woo-hover-","13":"open-single-product-tab-horizontal","14":"open-shadow-","15":"open-shadow-hover-","17":"first","18":"instock","19":"shipping-taxable","20":"purchasable","21":"product-type-variable"},"jetpack_sharing_enabled":true,"_links":{"self":[{"href":"https:\/\/www.deporteseli.com\/index.php?rest_route=\/wp\/v2\/product\/40013","targetHints":{"allow":["GET"]}}],"collection":[{"href":"https:\/\/www.deporteseli.com\/index.php?rest_route=\/wp\/v2\/product"}],"about":[{"href":"https:\/\/www.deporteseli.com\/index.php?rest_route=\/wp\/v2\/types\/product"}],"wp:featuredmedia":[{"embeddable":true,"href":"https:\/\/www.deporteseli.com\/index.php?rest_route=\/wp\/v2\/media\/54071"}],"wp:attachment":[{"href":"https:\/\/www.deporteseli.com\/index.php?rest_route=%2Fwp%2Fv2%2Fmedia&parent=40013"}],"wp:term":[{"taxonomy":"product_brand","embeddable":true,"href":"https:\/\/www.deporteseli.com\/index.php?rest_route=%2Fwp%2Fv2%2Fproduct_brand&post=40013"},{"taxonomy":"product_cat","embeddable":true,"href":"https:\/\/www.deporteseli.com\/index.php?rest_route=%2Fwp%2Fv2%2Fproduct_cat&post=40013"},{"taxonomy":"product_tag","embeddable":true,"href":"https:\/\/www.deporteseli.com\/index.php?rest_route=%2Fwp%2Fv2%2Fproduct_tag&post=40013"}],"curies":[{"name":"wp","href":"https:\/\/api.w.org\/{rel}","templated":true}]}}