{"id":40009,"date":"2026-01-27T18:44:03","date_gmt":"2026-01-27T18:44:03","guid":{"rendered":"https:\/\/www.deporteseli.com\/?product=camiseta-bullpadel-ensay"},"modified":"2026-03-07T05:40:11","modified_gmt":"2026-03-07T05:40:11","slug":"camiseta-bullpadel-ensay","status":"publish","type":"product","link":"https:\/\/www.deporteseli.com\/?product=camiseta-bullpadel-ensay","title":{"rendered":"CAMISETA BULLPADEL ENSAY"},"content":{"rendered":"<p>Camiseta sin mangas con media cremallera termosellada, confeccionada en tejido single el\u00e1stico de nylon. Presenta la firma de nuestra jugadora Gemma Triay y un fitting ajustado. El dise\u00f1o incorpora una inserci\u00f3n de canal\u00e9 el\u00e1stico en los hombros y el cuello, as\u00ed como perforaciones en el frontal y la espalda para favorecer la ventilaci\u00f3n. Adem\u00e1s, cuenta con gr\u00e1ficos decorativos en la espalda y el logotipo en el pecho.    CAMISETA BULLPADEL ENSAY VERDE BOSQUE  49,95 \u20ac  Impuestos incluidos  ? Producto disponible con otras opciones  Talla  XSSMLXLXXL  Camiseta sin mangas de nuestra l\u00ednea Purecolor seleccionada y firmada por nuestra jugadora Gemma Triay.        Color: Verde Bosque    Composici\u00f3n: 80% nylon &#8211; 20% elast\u00e1n. Elastic single jersey.                                                                                                                                                                                                                                                                                                                                                                                                                                                                                                                                                                                                                                                                                                                                                                                                                                                                                                                                                                                                                                        <\/p>\n","protected":false},"excerpt":{"rendered":"<p>CAMISETA BULLPADEL ENSAY<\/p>\n","protected":false},"featured_media":54063,"template":"","meta":[],"product_brand":[],"product_cat":[364],"product_tag":[21],"class_list":{"0":"post-40009","1":"product","2":"type-product","3":"status-publish","4":"has-post-thumbnail","6":"product_cat-padel_y_tenis_textil_camisas","7":"product_tag-bull_padel","8":"pa_color-unico","9":"pa_talla-l","10":"thunk-woo-product-list","11":"opn-qv-enable","12":"open-woo-hover-","13":"open-single-product-tab-horizontal","14":"open-shadow-","15":"open-shadow-hover-","17":"first","18":"instock","19":"shipping-taxable","20":"purchasable","21":"product-type-variable"},"jetpack_sharing_enabled":true,"_links":{"self":[{"href":"https:\/\/www.deporteseli.com\/index.php?rest_route=\/wp\/v2\/product\/40009","targetHints":{"allow":["GET"]}}],"collection":[{"href":"https:\/\/www.deporteseli.com\/index.php?rest_route=\/wp\/v2\/product"}],"about":[{"href":"https:\/\/www.deporteseli.com\/index.php?rest_route=\/wp\/v2\/types\/product"}],"wp:featuredmedia":[{"embeddable":true,"href":"https:\/\/www.deporteseli.com\/index.php?rest_route=\/wp\/v2\/media\/54063"}],"wp:attachment":[{"href":"https:\/\/www.deporteseli.com\/index.php?rest_route=%2Fwp%2Fv2%2Fmedia&parent=40009"}],"wp:term":[{"taxonomy":"product_brand","embeddable":true,"href":"https:\/\/www.deporteseli.com\/index.php?rest_route=%2Fwp%2Fv2%2Fproduct_brand&post=40009"},{"taxonomy":"product_cat","embeddable":true,"href":"https:\/\/www.deporteseli.com\/index.php?rest_route=%2Fwp%2Fv2%2Fproduct_cat&post=40009"},{"taxonomy":"product_tag","embeddable":true,"href":"https:\/\/www.deporteseli.com\/index.php?rest_route=%2Fwp%2Fv2%2Fproduct_tag&post=40009"}],"curies":[{"name":"wp","href":"https:\/\/api.w.org\/{rel}","templated":true}]}}