{"id":40005,"date":"2026-01-27T18:43:58","date_gmt":"2026-01-27T18:43:58","guid":{"rendered":"https:\/\/www.deporteseli.com\/?product=camiseta-bullpadel-misar"},"modified":"2026-03-07T05:40:06","modified_gmt":"2026-03-07T05:40:06","slug":"camiseta-bullpadel-misar","status":"publish","type":"product","link":"https:\/\/www.deporteseli.com\/?product=camiseta-bullpadel-misar","title":{"rendered":"CAMISETA BULLPADEL MISAR"},"content":{"rendered":"<p>Camiseta fabricada en single de poli\u00e9ster con elast\u00e1n y acabado de secado r\u00e1pido. El dise\u00f1o presenta un estampado sublimado, una pieza de canal\u00e9 personalizada en la zona trasera del cuello y decoraci\u00f3n vertical en la espalda, as\u00ed como la firma de la l\u00ednea en la manga y un gr\u00e1fico sublimado en el frontal.  Camiseta de hombre de nuestra colecci\u00f3n Master.    Color: Negro    Composici\u00f3n: 90% poli\u00e9ster &#8211; 10% elast\u00e1n. Single jersey                                                                                                                                                                                                                                                                                                                                                                                                                                                                                                                                                                                                                                                                                                                                                                                                                                                                                                                                                                                                                                        <\/p>\n","protected":false},"excerpt":{"rendered":"<p>CAMISETA BULLPADEL MISAR<\/p>\n","protected":false},"featured_media":54055,"template":"","meta":[],"product_brand":[],"product_cat":[364],"product_tag":[21],"class_list":{"0":"post-40005","1":"product","2":"type-product","3":"status-publish","4":"has-post-thumbnail","6":"product_cat-padel_y_tenis_textil_camisas","7":"product_tag-bull_padel","8":"pa_color-unico","9":"pa_talla-xxl","10":"thunk-woo-product-list","11":"opn-qv-enable","12":"open-woo-hover-","13":"open-single-product-tab-horizontal","14":"open-shadow-","15":"open-shadow-hover-","17":"first","18":"instock","19":"shipping-taxable","20":"purchasable","21":"product-type-variable"},"jetpack_sharing_enabled":true,"_links":{"self":[{"href":"https:\/\/www.deporteseli.com\/index.php?rest_route=\/wp\/v2\/product\/40005","targetHints":{"allow":["GET"]}}],"collection":[{"href":"https:\/\/www.deporteseli.com\/index.php?rest_route=\/wp\/v2\/product"}],"about":[{"href":"https:\/\/www.deporteseli.com\/index.php?rest_route=\/wp\/v2\/types\/product"}],"wp:featuredmedia":[{"embeddable":true,"href":"https:\/\/www.deporteseli.com\/index.php?rest_route=\/wp\/v2\/media\/54055"}],"wp:attachment":[{"href":"https:\/\/www.deporteseli.com\/index.php?rest_route=%2Fwp%2Fv2%2Fmedia&parent=40005"}],"wp:term":[{"taxonomy":"product_brand","embeddable":true,"href":"https:\/\/www.deporteseli.com\/index.php?rest_route=%2Fwp%2Fv2%2Fproduct_brand&post=40005"},{"taxonomy":"product_cat","embeddable":true,"href":"https:\/\/www.deporteseli.com\/index.php?rest_route=%2Fwp%2Fv2%2Fproduct_cat&post=40005"},{"taxonomy":"product_tag","embeddable":true,"href":"https:\/\/www.deporteseli.com\/index.php?rest_route=%2Fwp%2Fv2%2Fproduct_tag&post=40005"}],"curies":[{"name":"wp","href":"https:\/\/api.w.org\/{rel}","templated":true}]}}