{"id":39997,"date":"2026-01-27T18:43:47","date_gmt":"2026-01-27T18:43:47","guid":{"rendered":"https:\/\/www.deporteseli.com\/?product=short-bullpadel-rival-negro"},"modified":"2026-03-07T05:39:59","modified_gmt":"2026-03-07T05:39:59","slug":"short-bullpadel-rival-negro","status":"publish","type":"product","link":"https:\/\/www.deporteseli.com\/?product=short-bullpadel-rival-negro","title":{"rendered":"SHORT BULLPADEL RIVAL NEGRO"},"content":{"rendered":"<p>Short con malla y cinturilla sculpt, combinando tejido biel\u00e1stico y single con elast\u00e1n. Presenta un acabado de secado r\u00e1pido, decoraci\u00f3n gr\u00e1fica en el frontal y el logotipo en la parte trasera.  Short de mujer de nuestra l\u00ednea Padel is my power.    Color: Negro    Composici\u00f3n: 92% poli\u00e9ster &#8211; 8% elast\u00e1n. Two way spandex taffeta                                                                                                                                                                                                                                                                                                                                                                                                                                                                                                                                                                                                                                                                                                                                                                                                                                                                                                                                                                                                                                        <\/p>\n","protected":false},"excerpt":{"rendered":"<p>SHORT BULLPADEL RIVAL NEGRO<\/p>\n","protected":false},"featured_media":54044,"template":"","meta":[],"product_brand":[],"product_cat":[365],"product_tag":[21],"class_list":{"0":"post-39997","1":"product","2":"type-product","3":"status-publish","4":"has-post-thumbnail","6":"product_cat-padel_y_tenis_textil_shorts","7":"product_tag-bull_padel","8":"pa_color-unico","9":"pa_talla-m","10":"pa_talla-s","11":"pa_talla-xs","12":"thunk-woo-product-list","13":"opn-qv-enable","14":"open-woo-hover-","15":"open-single-product-tab-horizontal","16":"open-shadow-","17":"open-shadow-hover-","19":"first","20":"instock","21":"shipping-taxable","22":"purchasable","23":"product-type-variable"},"jetpack_sharing_enabled":true,"_links":{"self":[{"href":"https:\/\/www.deporteseli.com\/index.php?rest_route=\/wp\/v2\/product\/39997","targetHints":{"allow":["GET"]}}],"collection":[{"href":"https:\/\/www.deporteseli.com\/index.php?rest_route=\/wp\/v2\/product"}],"about":[{"href":"https:\/\/www.deporteseli.com\/index.php?rest_route=\/wp\/v2\/types\/product"}],"wp:featuredmedia":[{"embeddable":true,"href":"https:\/\/www.deporteseli.com\/index.php?rest_route=\/wp\/v2\/media\/54044"}],"wp:attachment":[{"href":"https:\/\/www.deporteseli.com\/index.php?rest_route=%2Fwp%2Fv2%2Fmedia&parent=39997"}],"wp:term":[{"taxonomy":"product_brand","embeddable":true,"href":"https:\/\/www.deporteseli.com\/index.php?rest_route=%2Fwp%2Fv2%2Fproduct_brand&post=39997"},{"taxonomy":"product_cat","embeddable":true,"href":"https:\/\/www.deporteseli.com\/index.php?rest_route=%2Fwp%2Fv2%2Fproduct_cat&post=39997"},{"taxonomy":"product_tag","embeddable":true,"href":"https:\/\/www.deporteseli.com\/index.php?rest_route=%2Fwp%2Fv2%2Fproduct_tag&post=39997"}],"curies":[{"name":"wp","href":"https:\/\/api.w.org\/{rel}","templated":true}]}}