{"id":39995,"date":"2026-01-27T18:43:45","date_gmt":"2026-01-27T18:43:45","guid":{"rendered":"https:\/\/www.deporteseli.com\/?product=short-bullpadel-yente-23i-azul-lavado"},"modified":"2026-03-07T05:39:54","modified_gmt":"2026-03-07T05:39:54","slug":"short-bullpadel-yente-23i-azul-lavado","status":"publish","type":"product","link":"https:\/\/www.deporteseli.com\/?product=short-bullpadel-yente-23i-azul-lavado","title":{"rendered":"SHORT BULLPADEL YENTE 23I AZUL LAVADO"},"content":{"rendered":"<p>Bermuda de nuestra nueva l\u00ednea Timeless, fabricada en hilo reciclado de calidad Repreve y certificado GRS. Confeccionada con un tejido biel\u00e1stico ligero de poli\u00e9ster con textura y malla interna de poli\u00e9ster reciclado, esta bermuda est\u00e1 pensada para nuestros jugadores m\u00e1s exigentes, combinando practicidad y una contribuci\u00f3n importante a la reducci\u00f3n del impacto medioambiental. Su dise\u00f1o atemporal y de calidad incluye malla interior, cinturilla ajustable y bolsillos.  Bermuda de nuestra nueva l\u00ednea Timeless, fabricada en hilo reciclado con calidad Repreve y certificado GRS.    Color: Azul lavado    Composici\u00f3n:80% poli\u00e9ster &#8211; 20% elast\u00e1n. Taffeta bi-el\u00e1stica                                                                                                                                                                                                                                                                                                                                                                                                                                                                                                                                                                                                                                                                                                                                                                                                                                                                                                                                                                                                                                        <\/p>\n","protected":false},"excerpt":{"rendered":"<p>SHORT BULLPADEL YENTE 23I AZUL LAVADO<\/p>\n","protected":false},"featured_media":54040,"template":"","meta":[],"product_brand":[],"product_cat":[365],"product_tag":[21],"class_list":{"0":"post-39995","1":"product","2":"type-product","3":"status-publish","4":"has-post-thumbnail","6":"product_cat-padel_y_tenis_textil_shorts","7":"product_tag-bull_padel","8":"pa_color-unico","9":"pa_talla-xxl","10":"thunk-woo-product-list","11":"opn-qv-enable","12":"open-woo-hover-","13":"open-single-product-tab-horizontal","14":"open-shadow-","15":"open-shadow-hover-","17":"first","18":"instock","19":"shipping-taxable","20":"purchasable","21":"product-type-variable"},"jetpack_sharing_enabled":true,"_links":{"self":[{"href":"https:\/\/www.deporteseli.com\/index.php?rest_route=\/wp\/v2\/product\/39995","targetHints":{"allow":["GET"]}}],"collection":[{"href":"https:\/\/www.deporteseli.com\/index.php?rest_route=\/wp\/v2\/product"}],"about":[{"href":"https:\/\/www.deporteseli.com\/index.php?rest_route=\/wp\/v2\/types\/product"}],"wp:featuredmedia":[{"embeddable":true,"href":"https:\/\/www.deporteseli.com\/index.php?rest_route=\/wp\/v2\/media\/54040"}],"wp:attachment":[{"href":"https:\/\/www.deporteseli.com\/index.php?rest_route=%2Fwp%2Fv2%2Fmedia&parent=39995"}],"wp:term":[{"taxonomy":"product_brand","embeddable":true,"href":"https:\/\/www.deporteseli.com\/index.php?rest_route=%2Fwp%2Fv2%2Fproduct_brand&post=39995"},{"taxonomy":"product_cat","embeddable":true,"href":"https:\/\/www.deporteseli.com\/index.php?rest_route=%2Fwp%2Fv2%2Fproduct_cat&post=39995"},{"taxonomy":"product_tag","embeddable":true,"href":"https:\/\/www.deporteseli.com\/index.php?rest_route=%2Fwp%2Fv2%2Fproduct_tag&post=39995"}],"curies":[{"name":"wp","href":"https:\/\/api.w.org\/{rel}","templated":true}]}}