{"id":39983,"date":"2026-01-27T18:43:29","date_gmt":"2026-01-27T18:43:29","guid":{"rendered":"https:\/\/www.deporteseli.com\/?product=sudadera-bullpadel-yambo-23i"},"modified":"2026-03-07T05:39:43","modified_gmt":"2026-03-07T05:39:43","slug":"sudadera-bullpadel-yambo-23i","status":"publish","type":"product","link":"https:\/\/www.deporteseli.com\/?product=sudadera-bullpadel-yambo-23i","title":{"rendered":"SUDADERA BULLPADEL YAMBO 23I"},"content":{"rendered":"<p>Sudadera con capucha de nuestra nueva l\u00ednea Timeless, fabricada en hilo reciclado de calidad Repreve y certificado GRS. Confeccionada con un tejido doble de poli\u00e9ster reciclado, esta sudadera est\u00e1 pensada para nuestros jugadores m\u00e1s exigentes, combinando practicidad y una contribuci\u00f3n importante a la reducci\u00f3n del impacto medioambiental. Su dise\u00f1o, atemporal y de calidad, incluye inserciones de tejido a la plana, bolsillo de tipo canguro, gr\u00e1fico posicional en el pecho y pu\u00f1os ajustables con goma el\u00e1stica.  Sudadera de nuestra nueva l\u00ednea Timeless, fabricada en hilo reciclado con calidad Repreve y certificado GRS.    Color: Moztaza    Composici\u00f3n: 88% poli\u00e9ster &#8211; 12% elast\u00e1n. Double face knit.                                                                                                                                                                                                                                                                                                                                                                                                                                                                                                                                                                                                                                                                                                                                                                                                                                                                                                                                                                                                                                        <\/p>\n","protected":false},"excerpt":{"rendered":"<p>SUDADERA BULLPADEL YAMBO 23I<\/p>\n","protected":false},"featured_media":54020,"template":"","meta":[],"product_brand":[],"product_cat":[368],"product_tag":[21],"class_list":{"0":"post-39983","1":"product","2":"type-product","3":"status-publish","4":"has-post-thumbnail","6":"product_cat-padel_y_tenis_textil_sudaderas","7":"product_tag-bull_padel","8":"pa_color-unico","9":"pa_talla-s","10":"thunk-woo-product-list","11":"opn-qv-enable","12":"open-woo-hover-","13":"open-single-product-tab-horizontal","14":"open-shadow-","15":"open-shadow-hover-","17":"first","18":"instock","19":"shipping-taxable","20":"purchasable","21":"product-type-variable"},"jetpack_sharing_enabled":true,"_links":{"self":[{"href":"https:\/\/www.deporteseli.com\/index.php?rest_route=\/wp\/v2\/product\/39983","targetHints":{"allow":["GET"]}}],"collection":[{"href":"https:\/\/www.deporteseli.com\/index.php?rest_route=\/wp\/v2\/product"}],"about":[{"href":"https:\/\/www.deporteseli.com\/index.php?rest_route=\/wp\/v2\/types\/product"}],"wp:featuredmedia":[{"embeddable":true,"href":"https:\/\/www.deporteseli.com\/index.php?rest_route=\/wp\/v2\/media\/54020"}],"wp:attachment":[{"href":"https:\/\/www.deporteseli.com\/index.php?rest_route=%2Fwp%2Fv2%2Fmedia&parent=39983"}],"wp:term":[{"taxonomy":"product_brand","embeddable":true,"href":"https:\/\/www.deporteseli.com\/index.php?rest_route=%2Fwp%2Fv2%2Fproduct_brand&post=39983"},{"taxonomy":"product_cat","embeddable":true,"href":"https:\/\/www.deporteseli.com\/index.php?rest_route=%2Fwp%2Fv2%2Fproduct_cat&post=39983"},{"taxonomy":"product_tag","embeddable":true,"href":"https:\/\/www.deporteseli.com\/index.php?rest_route=%2Fwp%2Fv2%2Fproduct_tag&post=39983"}],"curies":[{"name":"wp","href":"https:\/\/api.w.org\/{rel}","templated":true}]}}