{"id":39978,"date":"2026-01-27T18:43:23","date_gmt":"2026-01-27T18:43:23","guid":{"rendered":"https:\/\/www.deporteseli.com\/?product=zapatilla-bullpadel-hack-hybrid-fly-23i"},"modified":"2026-01-27T18:43:27","modified_gmt":"2026-01-27T18:43:27","slug":"zapatilla-bullpadel-hack-hybrid-fly-23i","status":"publish","type":"product","link":"https:\/\/www.deporteseli.com\/?product=zapatilla-bullpadel-hack-hybrid-fly-23i","title":{"rendered":"ZAPATILLA BULLPADEL HACK HYBRID FLY 23I"},"content":{"rendered":"<p>Modelo pensado para aquellos jugadores profesionales o avanzados que buscan un calzado flexible y ligero que permita movimientos r\u00e1pidos, y que garantice tanto la estabilidad como la tracci\u00f3n.  Su dise\u00f1o presenta peque\u00f1os orificios para permitir una mejor transpirabilidad, destaca por la presencia de canales transversales en la suela para favorecer la flexi\u00f3n natural del pie durante el juego, un disco de rotaci\u00f3n situado en la suela para ayudar con los giros r\u00e1pidos y un estabilizador central fabricado en TPU, que mejora el equilibrio y refuerza la estructura central del arco del pie.  La zapatilla elegida por nuestro jugador Paquito Navarro. Modelo pensado para aquellos jugadores profesionales o avanzados que buscan un calzado flexible y ligero que permita movimientos r\u00e1pidos, y que garantice tanto la estabilidad como la tracci\u00f3n.    Color: Gris claro y Negro                                                                                                                                                                                                                                                                                                                                                                                                                                                                                                                                                                                                                                                                                                                                                                                                                                                                                                                                                                                                                                        <\/p>\n","protected":false},"excerpt":{"rendered":"<p>ZAPATILLA BULLPADEL HACK HYBRID FLY 23I<\/p>\n","protected":false},"featured_media":54016,"template":"","meta":[],"product_brand":[],"product_cat":[371],"product_tag":[21],"class_list":{"0":"post-39978","1":"product","2":"type-product","3":"status-publish","4":"has-post-thumbnail","6":"product_cat-padel_y_tenis_calzado","7":"product_tag-bull_padel","8":"pa_color-unico","9":"pa_talla-151","10":"pa_talla-42-5","11":"pa_talla-44-5","12":"pa_talla-161","13":"thunk-woo-product-list","14":"opn-qv-enable","15":"open-woo-hover-","16":"open-single-product-tab-horizontal","17":"open-shadow-","18":"open-shadow-hover-","20":"first","21":"instock","22":"sale","23":"shipping-taxable","24":"purchasable","25":"product-type-variable"},"jetpack_sharing_enabled":true,"_links":{"self":[{"href":"https:\/\/www.deporteseli.com\/index.php?rest_route=\/wp\/v2\/product\/39978","targetHints":{"allow":["GET"]}}],"collection":[{"href":"https:\/\/www.deporteseli.com\/index.php?rest_route=\/wp\/v2\/product"}],"about":[{"href":"https:\/\/www.deporteseli.com\/index.php?rest_route=\/wp\/v2\/types\/product"}],"wp:featuredmedia":[{"embeddable":true,"href":"https:\/\/www.deporteseli.com\/index.php?rest_route=\/wp\/v2\/media\/54016"}],"wp:attachment":[{"href":"https:\/\/www.deporteseli.com\/index.php?rest_route=%2Fwp%2Fv2%2Fmedia&parent=39978"}],"wp:term":[{"taxonomy":"product_brand","embeddable":true,"href":"https:\/\/www.deporteseli.com\/index.php?rest_route=%2Fwp%2Fv2%2Fproduct_brand&post=39978"},{"taxonomy":"product_cat","embeddable":true,"href":"https:\/\/www.deporteseli.com\/index.php?rest_route=%2Fwp%2Fv2%2Fproduct_cat&post=39978"},{"taxonomy":"product_tag","embeddable":true,"href":"https:\/\/www.deporteseli.com\/index.php?rest_route=%2Fwp%2Fv2%2Fproduct_tag&post=39978"}],"curies":[{"name":"wp","href":"https:\/\/api.w.org\/{rel}","templated":true}]}}