{"id":39973,"date":"2026-01-27T18:43:16","date_gmt":"2026-01-27T18:43:16","guid":{"rendered":"https:\/\/www.deporteseli.com\/?product=mallas-optime-training"},"modified":"2026-03-07T05:39:41","modified_gmt":"2026-03-07T05:39:41","slug":"mallas-optime-training","status":"publish","type":"product","link":"https:\/\/www.deporteseli.com\/?product=mallas-optime-training","title":{"rendered":"MALLAS OPTIME TRAINING"},"content":{"rendered":"<p>ELIGE MOVERTE  Nuestro cuerpo necesita movimiento. Ya sea en una sesi\u00f3n de HIIT, un largo paseo con tu perro o una clase de hiphop, estas mallas de training adidas te permiten moverte con total confianza gracias a la tecnolog\u00eda transpirable AEROREADY. Se han confeccionado en un tejido ultrael\u00e1stico sin costuras que evita las distracciones y te ofrece un tacto suave.  Corte ajustado  Cintura el\u00e1stica de talle alto  Interlock 76% poli\u00e9ster reciclado \/ 24% elast\u00e1n  El tejido ultrael\u00e1stico adimove ofrece un tacto suave y una gran sujeci\u00f3n. La tecnolog\u00eda LYCRA\u00ae SPORT mantiene la forma de la prenda durante m\u00e1s tiempo  Tejido transpirable AEROREADY  Bolsillo interior para las llaves  Color del art\u00edculo: Black  N\u00famero de art\u00edculo: H64213                                                                                                                                                                                                                                                                                                                                                                                                                                                                                                                                                                                                                                                                                                                                                                                                                                                                                                                                                                                                                                        <\/p>\n","protected":false},"excerpt":{"rendered":"<p>MALLAS OPTIME TRAINING<\/p>\n","protected":false},"featured_media":54009,"template":"","meta":[],"product_brand":[],"product_cat":[281],"product_tag":[18],"class_list":{"0":"post-39973","1":"product","2":"type-product","3":"status-publish","4":"has-post-thumbnail","6":"product_cat-mujer_textil_mallas","7":"product_tag-adidas","8":"pa_color-unico","9":"pa_talla-m","10":"thunk-woo-product-list","11":"opn-qv-enable","12":"open-woo-hover-","13":"open-single-product-tab-horizontal","14":"open-shadow-","15":"open-shadow-hover-","17":"first","18":"instock","19":"shipping-taxable","20":"purchasable","21":"product-type-variable"},"jetpack_sharing_enabled":true,"_links":{"self":[{"href":"https:\/\/www.deporteseli.com\/index.php?rest_route=\/wp\/v2\/product\/39973","targetHints":{"allow":["GET"]}}],"collection":[{"href":"https:\/\/www.deporteseli.com\/index.php?rest_route=\/wp\/v2\/product"}],"about":[{"href":"https:\/\/www.deporteseli.com\/index.php?rest_route=\/wp\/v2\/types\/product"}],"wp:featuredmedia":[{"embeddable":true,"href":"https:\/\/www.deporteseli.com\/index.php?rest_route=\/wp\/v2\/media\/54009"}],"wp:attachment":[{"href":"https:\/\/www.deporteseli.com\/index.php?rest_route=%2Fwp%2Fv2%2Fmedia&parent=39973"}],"wp:term":[{"taxonomy":"product_brand","embeddable":true,"href":"https:\/\/www.deporteseli.com\/index.php?rest_route=%2Fwp%2Fv2%2Fproduct_brand&post=39973"},{"taxonomy":"product_cat","embeddable":true,"href":"https:\/\/www.deporteseli.com\/index.php?rest_route=%2Fwp%2Fv2%2Fproduct_cat&post=39973"},{"taxonomy":"product_tag","embeddable":true,"href":"https:\/\/www.deporteseli.com\/index.php?rest_route=%2Fwp%2Fv2%2Fproduct_tag&post=39973"}],"curies":[{"name":"wp","href":"https:\/\/api.w.org\/{rel}","templated":true}]}}