{"id":39971,"date":"2026-01-27T18:43:14","date_gmt":"2026-01-27T18:43:14","guid":{"rendered":"https:\/\/www.deporteseli.com\/?product=sujetador-de-mujer-puma-mid-impact-strong"},"modified":"2026-03-07T05:39:39","modified_gmt":"2026-03-07T05:39:39","slug":"sujetador-de-mujer-puma-mid-impact-strong","status":"publish","type":"product","link":"https:\/\/www.deporteseli.com\/?product=sujetador-de-mujer-puma-mid-impact-strong","title":{"rendered":"SUJETADOR DE MUJER PUMA MID IMPACT STRONG"},"content":{"rendered":"<p>CARACTER\u00cdSTICAS Y VENTAJAS    Contiene materiales reciclados: Fabricado con fibras recicladas.  Una de las respuestas de PUMA para reducir nuestro impacto medioambiental.  dryCELL: PUMA designaci\u00f3n para las propiedades de absorci\u00f3n de la humedad que le ayudan a mantenerse seco y c\u00f3modo  miDori\u00ae: Fabricado con el acabado de base biol\u00f3gica miDori\u00ae bioWick.  DETALLES    Ajuste estrecho  Ayuda de impacto medio  La banda el\u00e1stica PUMA STRONG proporciona una sujeci\u00f3n adicional  Almohadillas extra\u00edbles para un ajuste personalizado  Espalda nadadora para mayor comodidad y movilidad  PUMA Logotipo del gato en el centro del pecho  PUMA letras repetidas a lo largo de la banda el\u00e1stica  Informaci\u00f3n sobre el material    Carcasa interior delantera: 91% poli\u00e9ster, 9% elastano  Forro: 89% poli\u00e9ster, 11% elastano  Exterior: 89% poli\u00e9ster, 11% elastano                                                                                                                                                                                                                                                                                                                                                                                                                                                                                                                                                                                                                                                                                                                                                                                                                                                                                                                                                                                                                                        <\/p>\n","protected":false},"excerpt":{"rendered":"<p>SUJETADOR DE MUJER PUMA MID IMPACT STRONG<\/p>\n","protected":false},"featured_media":54006,"template":"","meta":[],"product_brand":[],"product_cat":[275],"product_tag":[32],"class_list":{"0":"post-39971","1":"product","2":"type-product","3":"status-publish","4":"has-post-thumbnail","6":"product_cat-mujer_textil_top","7":"product_tag-puma","8":"pa_color-unico","9":"pa_talla-m","10":"thunk-woo-product-list","11":"opn-qv-enable","12":"open-woo-hover-","13":"open-single-product-tab-horizontal","14":"open-shadow-","15":"open-shadow-hover-","17":"first","18":"instock","19":"shipping-taxable","20":"purchasable","21":"product-type-variable"},"jetpack_sharing_enabled":true,"_links":{"self":[{"href":"https:\/\/www.deporteseli.com\/index.php?rest_route=\/wp\/v2\/product\/39971","targetHints":{"allow":["GET"]}}],"collection":[{"href":"https:\/\/www.deporteseli.com\/index.php?rest_route=\/wp\/v2\/product"}],"about":[{"href":"https:\/\/www.deporteseli.com\/index.php?rest_route=\/wp\/v2\/types\/product"}],"wp:featuredmedia":[{"embeddable":true,"href":"https:\/\/www.deporteseli.com\/index.php?rest_route=\/wp\/v2\/media\/54006"}],"wp:attachment":[{"href":"https:\/\/www.deporteseli.com\/index.php?rest_route=%2Fwp%2Fv2%2Fmedia&parent=39971"}],"wp:term":[{"taxonomy":"product_brand","embeddable":true,"href":"https:\/\/www.deporteseli.com\/index.php?rest_route=%2Fwp%2Fv2%2Fproduct_brand&post=39971"},{"taxonomy":"product_cat","embeddable":true,"href":"https:\/\/www.deporteseli.com\/index.php?rest_route=%2Fwp%2Fv2%2Fproduct_cat&post=39971"},{"taxonomy":"product_tag","embeddable":true,"href":"https:\/\/www.deporteseli.com\/index.php?rest_route=%2Fwp%2Fv2%2Fproduct_tag&post=39971"}],"curies":[{"name":"wp","href":"https:\/\/api.w.org\/{rel}","templated":true}]}}