{"id":39969,"date":"2026-01-27T18:43:11","date_gmt":"2026-01-27T18:43:11","guid":{"rendered":"https:\/\/www.deporteseli.com\/?product=sudadera-con-capucha-essentials-linear"},"modified":"2026-03-07T05:39:37","modified_gmt":"2026-03-07T05:39:37","slug":"sudadera-con-capucha-essentials-linear","status":"publish","type":"product","link":"https:\/\/www.deporteseli.com\/?product=sudadera-con-capucha-essentials-linear","title":{"rendered":"SUDADERA CON CAPUCHA ESSENTIALS LINEAR"},"content":{"rendered":"<p>CONFORT Y ESTILO DEPORTIVO  Una prenda suave que no puede faltar en tu armario. Esta sudadera con capucha adidas se ha confeccionado en un tejido de felpa de algod\u00f3n muy c\u00f3modo y suave al tacto. Su estilo minimalista y discreto la convierte en perfecta para el fin de semana.    Nuestros productos de algod\u00f3n se han fabricado de forma sostenible.  Corte cl\u00e1sico  Capucha con cord\u00f3n ajustable  Felpa 100% algod\u00f3n  Bolsillo canguro  Pu\u00f1os y dobladillo de canal\u00e9  Producto creado en colaboraci\u00f3n con Better Cotton  Color del art\u00edculo: Black \/ White  N\u00famero de art\u00edculo: IC4426                                                                                                                                                                                                                                                                                                                                                                                                                                                                                                                                                                                                                                                                                                                                                                                                                                                                                                                                                                                                                                        <\/p>\n","protected":false},"excerpt":{"rendered":"<p>SUDADERA CON CAPUCHA ESSENTIALS LINEAR<\/p>\n","protected":false},"featured_media":54004,"template":"","meta":[],"product_brand":[],"product_cat":[279],"product_tag":[18],"class_list":{"0":"post-39969","1":"product","2":"type-product","3":"status-publish","4":"has-post-thumbnail","6":"product_cat-mujer_textil_sudaderas","7":"product_tag-adidas","8":"pa_color-unico","9":"pa_talla-l","10":"thunk-woo-product-list","11":"opn-qv-enable","12":"open-woo-hover-","13":"open-single-product-tab-horizontal","14":"open-shadow-","15":"open-shadow-hover-","17":"first","18":"instock","19":"shipping-taxable","20":"purchasable","21":"product-type-variable"},"jetpack_sharing_enabled":true,"_links":{"self":[{"href":"https:\/\/www.deporteseli.com\/index.php?rest_route=\/wp\/v2\/product\/39969","targetHints":{"allow":["GET"]}}],"collection":[{"href":"https:\/\/www.deporteseli.com\/index.php?rest_route=\/wp\/v2\/product"}],"about":[{"href":"https:\/\/www.deporteseli.com\/index.php?rest_route=\/wp\/v2\/types\/product"}],"wp:featuredmedia":[{"embeddable":true,"href":"https:\/\/www.deporteseli.com\/index.php?rest_route=\/wp\/v2\/media\/54004"}],"wp:attachment":[{"href":"https:\/\/www.deporteseli.com\/index.php?rest_route=%2Fwp%2Fv2%2Fmedia&parent=39969"}],"wp:term":[{"taxonomy":"product_brand","embeddable":true,"href":"https:\/\/www.deporteseli.com\/index.php?rest_route=%2Fwp%2Fv2%2Fproduct_brand&post=39969"},{"taxonomy":"product_cat","embeddable":true,"href":"https:\/\/www.deporteseli.com\/index.php?rest_route=%2Fwp%2Fv2%2Fproduct_cat&post=39969"},{"taxonomy":"product_tag","embeddable":true,"href":"https:\/\/www.deporteseli.com\/index.php?rest_route=%2Fwp%2Fv2%2Fproduct_tag&post=39969"}],"curies":[{"name":"wp","href":"https:\/\/api.w.org\/{rel}","templated":true}]}}