{"id":39952,"date":"2026-01-27T18:42:50","date_gmt":"2026-01-27T18:42:50","guid":{"rendered":"https:\/\/www.deporteseli.com\/?product=zapatilla-tensaur-hook-and-loop-3"},"modified":"2026-01-27T18:42:57","modified_gmt":"2026-01-27T18:42:57","slug":"zapatilla-tensaur-hook-and-loop-3","status":"publish","type":"product","link":"https:\/\/www.deporteseli.com\/?product=zapatilla-tensaur-hook-and-loop-3","title":{"rendered":"ZAPATILLA TENSAUR HOOK AND LOOP"},"content":{"rendered":"<p>A PRUEBA DE PIES ACTIVOS  Para tu peque, cualquier superficie merece ser explorada. Esta zapatilla adidas presenta un dise\u00f1o resistente y un c\u00f3modo cierre autoadherente para poner y quitar f\u00e1cilmente. Su suela de goma no deja marcas, ni en el suelo de casa ni en la cancha.    La parte superior contiene al menos un 50% de materiales reciclados. Su objetivo es plantear otra  Horma cl\u00e1sica  Cierre autoadherente  Parte superior de piel sint\u00e9tica  Forro textil  Suela de goma que no deja marcas  La parte superior contiene al menos un 50% de material reciclado  Color del art\u00edculo: Core Black \/ Cloud White \/ Core Black  N\u00famero de art\u00edculo: GW6456                                                                                                                                                                                                                                                                                                                                                                                                                                                                                                                                                                                                                                                                                                                                                                                                                                                                                                                                                                                                                                        <\/p>\n","protected":false},"excerpt":{"rendered":"<p>ZAPATILLA TENSAUR HOOK AND LOOP<\/p>\n","protected":false},"featured_media":53995,"template":"","meta":[],"product_brand":[],"product_cat":[310],"product_tag":[18],"class_list":{"0":"post-39952","1":"product","2":"type-product","3":"status-publish","4":"has-post-thumbnail","6":"product_cat-nino_calzado_casual","7":"product_tag-adidas","8":"pa_color-unico","9":"pa_talla-113","10":"pa_talla-115","11":"pa_talla-117","12":"pa_talla-119","13":"pa_talla-121","14":"thunk-woo-product-list","15":"opn-qv-enable","16":"open-woo-hover-","17":"open-single-product-tab-horizontal","18":"open-shadow-","19":"open-shadow-hover-","21":"first","22":"instock","23":"sale","24":"shipping-taxable","25":"purchasable","26":"product-type-variable"},"jetpack_sharing_enabled":true,"_links":{"self":[{"href":"https:\/\/www.deporteseli.com\/index.php?rest_route=\/wp\/v2\/product\/39952","targetHints":{"allow":["GET"]}}],"collection":[{"href":"https:\/\/www.deporteseli.com\/index.php?rest_route=\/wp\/v2\/product"}],"about":[{"href":"https:\/\/www.deporteseli.com\/index.php?rest_route=\/wp\/v2\/types\/product"}],"wp:featuredmedia":[{"embeddable":true,"href":"https:\/\/www.deporteseli.com\/index.php?rest_route=\/wp\/v2\/media\/53995"}],"wp:attachment":[{"href":"https:\/\/www.deporteseli.com\/index.php?rest_route=%2Fwp%2Fv2%2Fmedia&parent=39952"}],"wp:term":[{"taxonomy":"product_brand","embeddable":true,"href":"https:\/\/www.deporteseli.com\/index.php?rest_route=%2Fwp%2Fv2%2Fproduct_brand&post=39952"},{"taxonomy":"product_cat","embeddable":true,"href":"https:\/\/www.deporteseli.com\/index.php?rest_route=%2Fwp%2Fv2%2Fproduct_cat&post=39952"},{"taxonomy":"product_tag","embeddable":true,"href":"https:\/\/www.deporteseli.com\/index.php?rest_route=%2Fwp%2Fv2%2Fproduct_tag&post=39952"}],"curies":[{"name":"wp","href":"https:\/\/api.w.org\/{rel}","templated":true}]}}