{"id":39949,"date":"2026-01-27T18:42:46","date_gmt":"2026-01-27T18:42:46","guid":{"rendered":"https:\/\/www.deporteseli.com\/?product=zapatilla-de-futbol-sala-super-sala-2-indoor"},"modified":"2026-01-27T18:42:49","modified_gmt":"2026-01-27T18:42:49","slug":"zapatilla-de-futbol-sala-super-sala-2-indoor","status":"publish","type":"product","link":"https:\/\/www.deporteseli.com\/?product=zapatilla-de-futbol-sala-super-sala-2-indoor","title":{"rendered":"ZAPATILLA DE F\u00faTBOL SALA SUPER SALA 2 INDOOR"},"content":{"rendered":"<p>EXHIBE TU CALIDAD EN PISTA CUBIERTA  Toma las riendas del partido. Esta zapatilla adidas para j\u00f3venes promesas del f\u00fatbol sala presenta una parte superior de piel sint\u00e9tica suave con forro textil que te permite calzarte f\u00e1cilmente en el vestuario y jugar c\u00f3modamente en la pista. La suela de goma no deja marcas y te ofrece el agarre que necesitas en los cambios de direcci\u00f3n repentinos en superficies lisas.    La parte superior contiene al menos un 50% de material reciclado. Su objetivo es plantear otra soluci\u00f3n m\u00e1s que ayude a acabar con los residuos pl\u00e1sticos.  Horma cl\u00e1sica  Cierre de cordones  Parte superior sint\u00e9tica suave  Forro textil  Suela de goma que no deja marcas especialmente dise\u00f1ada para pista cubierta  La parte superior contiene al menos un 50% de material reciclado  Color del art\u00edculo: Bold Orange \/ Cloud White \/ Bold Gold  N\u00famero de art\u00edculo: IE1552                                                                                                                                                                                                                                                                                                                                                                                                                                                                                                                                                                                                                                                                                                                                                                                                                                                                                                                                                                                                                                        <\/p>\n","protected":false},"excerpt":{"rendered":"<p>ZAPATILLA DE F\u00faTBOL SALA SUPER SALA 2 INDOOR<\/p>\n","protected":false},"featured_media":53992,"template":"","meta":[],"product_brand":[],"product_cat":[323],"product_tag":[18],"class_list":{"0":"post-39949","1":"product","2":"type-product","3":"status-publish","4":"has-post-thumbnail","6":"product_cat-deportes_futbol_botas_sala","7":"product_tag-adidas","8":"pa_color-unico","9":"pa_talla-145","10":"pa_talla-38-5","11":"thunk-woo-product-list","12":"opn-qv-enable","13":"open-woo-hover-","14":"open-single-product-tab-horizontal","15":"open-shadow-","16":"open-shadow-hover-","18":"first","19":"instock","20":"sale","21":"shipping-taxable","22":"purchasable","23":"product-type-variable"},"jetpack_sharing_enabled":true,"_links":{"self":[{"href":"https:\/\/www.deporteseli.com\/index.php?rest_route=\/wp\/v2\/product\/39949","targetHints":{"allow":["GET"]}}],"collection":[{"href":"https:\/\/www.deporteseli.com\/index.php?rest_route=\/wp\/v2\/product"}],"about":[{"href":"https:\/\/www.deporteseli.com\/index.php?rest_route=\/wp\/v2\/types\/product"}],"wp:featuredmedia":[{"embeddable":true,"href":"https:\/\/www.deporteseli.com\/index.php?rest_route=\/wp\/v2\/media\/53992"}],"wp:attachment":[{"href":"https:\/\/www.deporteseli.com\/index.php?rest_route=%2Fwp%2Fv2%2Fmedia&parent=39949"}],"wp:term":[{"taxonomy":"product_brand","embeddable":true,"href":"https:\/\/www.deporteseli.com\/index.php?rest_route=%2Fwp%2Fv2%2Fproduct_brand&post=39949"},{"taxonomy":"product_cat","embeddable":true,"href":"https:\/\/www.deporteseli.com\/index.php?rest_route=%2Fwp%2Fv2%2Fproduct_cat&post=39949"},{"taxonomy":"product_tag","embeddable":true,"href":"https:\/\/www.deporteseli.com\/index.php?rest_route=%2Fwp%2Fv2%2Fproduct_tag&post=39949"}],"curies":[{"name":"wp","href":"https:\/\/api.w.org\/{rel}","templated":true}]}}