{"id":39947,"date":"2026-01-27T18:42:43","date_gmt":"2026-01-27T18:42:43","guid":{"rendered":"https:\/\/www.deporteseli.com\/?product=adidas-%c2%b7-botas-futbol-sala-super-sala-2"},"modified":"2026-01-27T18:42:45","modified_gmt":"2026-01-27T18:42:45","slug":"adidas-%c2%b7-botas-futbol-sala-super-sala-2","status":"publish","type":"product","link":"https:\/\/www.deporteseli.com\/?product=adidas-%c2%b7-botas-futbol-sala-super-sala-2","title":{"rendered":"ADIDAS \u00b7 BOTAS F\u00faTBOL SALA SUPER SALA 2"},"content":{"rendered":"<p>Todo lo que necesitas para dominar la pista de f\u00fatbol sala. Ponte estas botas de f\u00fatbol de adidas para mantenerte c\u00f3modo y competitivo cuando la acci\u00f3n en el interior se acelera. Fabricadas para adaptarse a una amplia gama de formas de pie, la parte superior sint\u00e9tica suave tiene una leng\u00fceta de malla para una mayor transpirabilidad y costuras en el antepi\u00e9 para un control r\u00e1pido. En la parte inferior, una suela de goma te ayuda a reaccionar en superficies planas. Fabricada con una serie de materiales reciclados, esta parte superior presenta al menos un 50% de contenido reciclado. Este producto representa s\u00f3lo una de nuestras soluciones para ayudar a acabar con los residuos de pl\u00e1stico.                                                                                                                                                                                                                                                                                                                                                                                                                                                                                                                                                                                                                                                                                                                                                                                                                                                                                                                                                                                                                                        <\/p>\n","protected":false},"excerpt":{"rendered":"<p>ADIDAS \u00b7 BOTAS F\u00faTBOL SALA SUPER SALA 2<\/p>\n","protected":false},"featured_media":53989,"template":"","meta":[],"product_brand":[],"product_cat":[323],"product_tag":[18],"class_list":{"0":"post-39947","1":"product","2":"type-product","3":"status-publish","4":"has-post-thumbnail","6":"product_cat-deportes_futbol_botas_sala","7":"product_tag-adidas","8":"pa_color-unico","9":"pa_talla-45-5","10":"thunk-woo-product-list","11":"opn-qv-enable","12":"open-woo-hover-","13":"open-single-product-tab-horizontal","14":"open-shadow-","15":"open-shadow-hover-","17":"first","18":"instock","19":"sale","20":"shipping-taxable","21":"purchasable","22":"product-type-variable"},"jetpack_sharing_enabled":true,"_links":{"self":[{"href":"https:\/\/www.deporteseli.com\/index.php?rest_route=\/wp\/v2\/product\/39947","targetHints":{"allow":["GET"]}}],"collection":[{"href":"https:\/\/www.deporteseli.com\/index.php?rest_route=\/wp\/v2\/product"}],"about":[{"href":"https:\/\/www.deporteseli.com\/index.php?rest_route=\/wp\/v2\/types\/product"}],"wp:featuredmedia":[{"embeddable":true,"href":"https:\/\/www.deporteseli.com\/index.php?rest_route=\/wp\/v2\/media\/53989"}],"wp:attachment":[{"href":"https:\/\/www.deporteseli.com\/index.php?rest_route=%2Fwp%2Fv2%2Fmedia&parent=39947"}],"wp:term":[{"taxonomy":"product_brand","embeddable":true,"href":"https:\/\/www.deporteseli.com\/index.php?rest_route=%2Fwp%2Fv2%2Fproduct_brand&post=39947"},{"taxonomy":"product_cat","embeddable":true,"href":"https:\/\/www.deporteseli.com\/index.php?rest_route=%2Fwp%2Fv2%2Fproduct_cat&post=39947"},{"taxonomy":"product_tag","embeddable":true,"href":"https:\/\/www.deporteseli.com\/index.php?rest_route=%2Fwp%2Fv2%2Fproduct_tag&post=39947"}],"curies":[{"name":"wp","href":"https:\/\/api.w.org\/{rel}","templated":true}]}}