{"id":39940,"date":"2026-01-27T18:42:34","date_gmt":"2026-01-27T18:42:34","guid":{"rendered":"https:\/\/www.deporteseli.com\/?product=polo-essentials-pique"},"modified":"2026-03-07T05:39:35","modified_gmt":"2026-03-07T05:39:35","slug":"polo-essentials-pique","status":"publish","type":"product","link":"https:\/\/www.deporteseli.com\/?product=polo-essentials-pique","title":{"rendered":"POLO ESSENTIALS PIQU\u00e9"},"content":{"rendered":"<p>LA ELEGANCIA DE LO CL\u00c1SICO  Arreglado o informal, este polo adidas combina a la perfecci\u00f3n tanto con unos pantalones cortos desenfadados como con unos chinos m\u00e1s cl\u00e1sicos. Luce un dise\u00f1o discreto que te aporta una gran comodidad en los d\u00edas de trabajo y los planes de fin de semana. Se ha confeccionado en un tejido de piqu\u00e9 de algod\u00f3n transpirable. Las aberturas laterales te ofrecen un ajuste c\u00f3modo y estilizado.  Corte cl\u00e1sico  Cuello de polo de dos botones  Piqu\u00e9 100% algod\u00f3n  Aberturas laterales en el dobladillo  Producto creado en colaboraci\u00f3n con Better Cotton  Color del art\u00edculo: Black  N\u00famero de art\u00edculo: IC9314                                                                                                                                                                                                                                                                                                                                                                                                                                                                                                                                                                                                                                                                                                                                                                                                                                                                                                                                                                                                                                        <\/p>\n","protected":false},"excerpt":{"rendered":"<p>POLO ESSENTIALS PIQU\u00e9<\/p>\n","protected":false},"featured_media":53984,"template":"","meta":[],"product_brand":[],"product_cat":[245],"product_tag":[18],"class_list":{"0":"post-39940","1":"product","2":"type-product","3":"status-publish","4":"has-post-thumbnail","6":"product_cat-hombre_textil_camisetas","7":"product_tag-adidas","8":"pa_color-unico","9":"pa_talla-l","10":"pa_talla-m","11":"thunk-woo-product-list","12":"opn-qv-enable","13":"open-woo-hover-","14":"open-single-product-tab-horizontal","15":"open-shadow-","16":"open-shadow-hover-","18":"first","19":"instock","20":"shipping-taxable","21":"purchasable","22":"product-type-variable"},"jetpack_sharing_enabled":true,"_links":{"self":[{"href":"https:\/\/www.deporteseli.com\/index.php?rest_route=\/wp\/v2\/product\/39940","targetHints":{"allow":["GET"]}}],"collection":[{"href":"https:\/\/www.deporteseli.com\/index.php?rest_route=\/wp\/v2\/product"}],"about":[{"href":"https:\/\/www.deporteseli.com\/index.php?rest_route=\/wp\/v2\/types\/product"}],"wp:featuredmedia":[{"embeddable":true,"href":"https:\/\/www.deporteseli.com\/index.php?rest_route=\/wp\/v2\/media\/53984"}],"wp:attachment":[{"href":"https:\/\/www.deporteseli.com\/index.php?rest_route=%2Fwp%2Fv2%2Fmedia&parent=39940"}],"wp:term":[{"taxonomy":"product_brand","embeddable":true,"href":"https:\/\/www.deporteseli.com\/index.php?rest_route=%2Fwp%2Fv2%2Fproduct_brand&post=39940"},{"taxonomy":"product_cat","embeddable":true,"href":"https:\/\/www.deporteseli.com\/index.php?rest_route=%2Fwp%2Fv2%2Fproduct_cat&post=39940"},{"taxonomy":"product_tag","embeddable":true,"href":"https:\/\/www.deporteseli.com\/index.php?rest_route=%2Fwp%2Fv2%2Fproduct_tag&post=39940"}],"curies":[{"name":"wp","href":"https:\/\/api.w.org\/{rel}","templated":true}]}}