{"id":39937,"date":"2026-01-27T18:42:29","date_gmt":"2026-01-27T18:42:29","guid":{"rendered":"https:\/\/www.deporteseli.com\/?product=sudadera-con-capucha-essentials"},"modified":"2026-03-07T05:39:32","modified_gmt":"2026-03-07T05:39:32","slug":"sudadera-con-capucha-essentials","status":"publish","type":"product","link":"https:\/\/www.deporteseli.com\/?product=sudadera-con-capucha-essentials","title":{"rendered":"SUDADERA CON CAPUCHA ESSENTIALS"},"content":{"rendered":"<p>UN CL\u00c1SICO IMPRESCINDIBLE EN TU ARMARIO  Esta sudadera adidas presenta un dise\u00f1o cl\u00e1sico y c\u00f3modo que nunca pasa de moda. Se ha confeccionado en un tejido de felpa muy suave al tacto que te ofrece una comodidad incre\u00edble durante todo el d\u00eda. Cuenta con todos los elementos que distinguen a esta prenda como el bolsillo canguro y la capucha con cord\u00f3n ajustable.    Este producto contiene al menos un 70% de materiales reciclados y renovables.  Corte cl\u00e1sico  Capucha con cord\u00f3n ajustable  Felpa 78% algod\u00f3n \/ 22% poli\u00e9ster reciclado  Bolsillo canguro  Pu\u00f1os y dobladillo de canal\u00e9  Producto creado en colaboraci\u00f3n con Better Cotton  Color del art\u00edculo: Dark Grey Heather  N\u00famero de art\u00edculo: IJ6475                                                                                                                                                                                                                                                                                                                                                                                                                                                                                                                                                                                                                                                                                                                                                                                                                                                                                                                                                                                                                                        <\/p>\n","protected":false},"excerpt":{"rendered":"<p>SUDADERA CON CAPUCHA ESSENTIALS<\/p>\n","protected":false},"featured_media":53982,"template":"","meta":[],"product_brand":[],"product_cat":[253],"product_tag":[18],"class_list":{"0":"post-39937","1":"product","2":"type-product","3":"status-publish","4":"has-post-thumbnail","6":"product_cat-hombre_textil_sudaderas","7":"product_tag-adidas","8":"pa_color-unico","9":"pa_talla-m","10":"pa_talla-xl","11":"thunk-woo-product-list","12":"opn-qv-enable","13":"open-woo-hover-","14":"open-single-product-tab-horizontal","15":"open-shadow-","16":"open-shadow-hover-","18":"first","19":"instock","20":"shipping-taxable","21":"purchasable","22":"product-type-variable"},"jetpack_sharing_enabled":true,"_links":{"self":[{"href":"https:\/\/www.deporteseli.com\/index.php?rest_route=\/wp\/v2\/product\/39937","targetHints":{"allow":["GET"]}}],"collection":[{"href":"https:\/\/www.deporteseli.com\/index.php?rest_route=\/wp\/v2\/product"}],"about":[{"href":"https:\/\/www.deporteseli.com\/index.php?rest_route=\/wp\/v2\/types\/product"}],"wp:featuredmedia":[{"embeddable":true,"href":"https:\/\/www.deporteseli.com\/index.php?rest_route=\/wp\/v2\/media\/53982"}],"wp:attachment":[{"href":"https:\/\/www.deporteseli.com\/index.php?rest_route=%2Fwp%2Fv2%2Fmedia&parent=39937"}],"wp:term":[{"taxonomy":"product_brand","embeddable":true,"href":"https:\/\/www.deporteseli.com\/index.php?rest_route=%2Fwp%2Fv2%2Fproduct_brand&post=39937"},{"taxonomy":"product_cat","embeddable":true,"href":"https:\/\/www.deporteseli.com\/index.php?rest_route=%2Fwp%2Fv2%2Fproduct_cat&post=39937"},{"taxonomy":"product_tag","embeddable":true,"href":"https:\/\/www.deporteseli.com\/index.php?rest_route=%2Fwp%2Fv2%2Fproduct_tag&post=39937"}],"curies":[{"name":"wp","href":"https:\/\/api.w.org\/{rel}","templated":true}]}}