{"id":39931,"date":"2026-01-27T18:42:21","date_gmt":"2026-01-27T18:42:21","guid":{"rendered":"https:\/\/www.deporteseli.com\/?product=balon-primera-equipacion-fc-bayern-club"},"modified":"2026-01-27T18:42:22","modified_gmt":"2026-01-27T18:42:22","slug":"balon-primera-equipacion-fc-bayern-club","status":"publish","type":"product","link":"https:\/\/www.deporteseli.com\/?product=balon-primera-equipacion-fc-bayern-club","title":{"rendered":"BAL\u00f3N PRIMERA EQUIPACI\u00f3N FC BAYERN CLUB"},"content":{"rendered":"<p>EMULA A LAS ESTRELLAS DEL FC BAYERN  Convierte tu parque favorito en el legendario Allianz Arena. Este bal\u00f3n de f\u00fatbol del FC Bayern luce los colores de la primera equipaci\u00f3n del club b\u00e1varo y es ideal para jugar partidillos. Presenta un dise\u00f1o inspirado en el cl\u00e1sico bal\u00f3n Tango con una cubierta de TPU cosida a m\u00e1quina y una resistente c\u00e1mara de butilo. Muestra tu pasi\u00f3n por el deporte rey vayas donde vayas.                                                                                                                                                                                                                                                                                                                                                                                                                                                                                                                                                                                                                                                                                                                                                                                                                                                                                                                                                                                                                                        <\/p>\n","protected":false},"excerpt":{"rendered":"<p>BAL\u00f3N PRIMERA EQUIPACI\u00f3N FC BAYERN CLUB<\/p>\n","protected":false},"featured_media":53975,"template":"","meta":[],"product_brand":[],"product_cat":[347],"product_tag":[18],"class_list":{"0":"post-39931","1":"product","2":"type-product","3":"status-publish","4":"has-post-thumbnail","6":"product_cat-deportes_balones","7":"product_tag-adidas","8":"pa_color-unico","9":"pa_talla-169","10":"thunk-woo-product-list","11":"opn-qv-enable","12":"open-woo-hover-","13":"open-single-product-tab-horizontal","14":"open-shadow-","15":"open-shadow-hover-","17":"first","18":"instock","19":"shipping-taxable","20":"purchasable","21":"product-type-variable"},"jetpack_sharing_enabled":true,"_links":{"self":[{"href":"https:\/\/www.deporteseli.com\/index.php?rest_route=\/wp\/v2\/product\/39931","targetHints":{"allow":["GET"]}}],"collection":[{"href":"https:\/\/www.deporteseli.com\/index.php?rest_route=\/wp\/v2\/product"}],"about":[{"href":"https:\/\/www.deporteseli.com\/index.php?rest_route=\/wp\/v2\/types\/product"}],"wp:featuredmedia":[{"embeddable":true,"href":"https:\/\/www.deporteseli.com\/index.php?rest_route=\/wp\/v2\/media\/53975"}],"wp:attachment":[{"href":"https:\/\/www.deporteseli.com\/index.php?rest_route=%2Fwp%2Fv2%2Fmedia&parent=39931"}],"wp:term":[{"taxonomy":"product_brand","embeddable":true,"href":"https:\/\/www.deporteseli.com\/index.php?rest_route=%2Fwp%2Fv2%2Fproduct_brand&post=39931"},{"taxonomy":"product_cat","embeddable":true,"href":"https:\/\/www.deporteseli.com\/index.php?rest_route=%2Fwp%2Fv2%2Fproduct_cat&post=39931"},{"taxonomy":"product_tag","embeddable":true,"href":"https:\/\/www.deporteseli.com\/index.php?rest_route=%2Fwp%2Fv2%2Fproduct_tag&post=39931"}],"curies":[{"name":"wp","href":"https:\/\/api.w.org\/{rel}","templated":true}]}}