{"id":39929,"date":"2026-01-27T18:42:18","date_gmt":"2026-01-27T18:42:18","guid":{"rendered":"https:\/\/www.deporteseli.com\/?product=bolsa-de-deporte-mediana-tiro-league-2"},"modified":"2026-02-16T07:47:19","modified_gmt":"2026-02-16T07:47:19","slug":"bolsa-de-deporte-mediana-tiro-league-2","status":"publish","type":"product","link":"https:\/\/www.deporteseli.com\/?product=bolsa-de-deporte-mediana-tiro-league-2","title":{"rendered":"BOLSA DE DEPORTE MEDIANA TIRO LEAGUE"},"content":{"rendered":"<p>ESTILO FUTBOLERO EN CADA TRASLADO  Transporta tu equipaci\u00f3n de f\u00fatbol el d\u00eda del partido con esta bolsa de deporte adidas de la colecci\u00f3n Tiro League. Incluye un compartimento inferior r\u00edgido para guardar cosas de forma segura y organizada y un bolsillo lateral de malla perfecto para una botella de agua o un tentempi\u00e9. La gran abertura en forma de U te permite acceder a toda tu equipaci\u00f3n nada m\u00e1s abrirla.    Este producto se ha fabricado con diferentes materiales t\u00e9cnicos y contiene al menos un 40% de material reciclado. Su objetivo es plantear otra soluci\u00f3n m\u00e1s que ayude a eliminar los residuos pl\u00e1sticos.  Dimensiones: 29 cm x 58 cm x 30 cm  Capacidad: 40,75 l  Tejido t\u00e9cnico 100% poli\u00e9ster reciclado  Compartimento inferior r\u00edgido  Bolsillo lateral de malla  Correa ajustable con refuerzo acolchado para el hombro  Dos asas de mano  Color del art\u00edculo: Team Navy Blue 2 \/ Black \/ White  N\u00famero de art\u00edculo: IB8650                                                                                                                                                                                                                                                                                                                                                                                                                                                                                                                                                                                                                                                                                                                                                                                                                                                                                                                                                                                                                                        <\/p>\n","protected":false},"excerpt":{"rendered":"<p>BOLSA DE DEPORTE MEDIANA TIRO LEAGUE<\/p>\n","protected":false},"featured_media":53973,"template":"","meta":[],"product_brand":[],"product_cat":[402],"product_tag":[18],"class_list":{"0":"post-39929","1":"product","2":"type-product","3":"status-publish","4":"has-post-thumbnail","6":"product_cat-accesorios_bolsos","7":"product_tag-adidas","8":"pa_color-unico","9":"pa_talla-unica","10":"thunk-woo-product-list","11":"opn-qv-enable","12":"open-woo-hover-","13":"open-single-product-tab-horizontal","14":"open-shadow-","15":"open-shadow-hover-","17":"first","18":"instock","19":"shipping-taxable","20":"purchasable","21":"product-type-variable"},"jetpack_sharing_enabled":true,"_links":{"self":[{"href":"https:\/\/www.deporteseli.com\/index.php?rest_route=\/wp\/v2\/product\/39929","targetHints":{"allow":["GET"]}}],"collection":[{"href":"https:\/\/www.deporteseli.com\/index.php?rest_route=\/wp\/v2\/product"}],"about":[{"href":"https:\/\/www.deporteseli.com\/index.php?rest_route=\/wp\/v2\/types\/product"}],"wp:featuredmedia":[{"embeddable":true,"href":"https:\/\/www.deporteseli.com\/index.php?rest_route=\/wp\/v2\/media\/53973"}],"wp:attachment":[{"href":"https:\/\/www.deporteseli.com\/index.php?rest_route=%2Fwp%2Fv2%2Fmedia&parent=39929"}],"wp:term":[{"taxonomy":"product_brand","embeddable":true,"href":"https:\/\/www.deporteseli.com\/index.php?rest_route=%2Fwp%2Fv2%2Fproduct_brand&post=39929"},{"taxonomy":"product_cat","embeddable":true,"href":"https:\/\/www.deporteseli.com\/index.php?rest_route=%2Fwp%2Fv2%2Fproduct_cat&post=39929"},{"taxonomy":"product_tag","embeddable":true,"href":"https:\/\/www.deporteseli.com\/index.php?rest_route=%2Fwp%2Fv2%2Fproduct_tag&post=39929"}],"curies":[{"name":"wp","href":"https:\/\/api.w.org\/{rel}","templated":true}]}}