{"id":39926,"date":"2026-01-27T18:42:14","date_gmt":"2026-01-27T18:42:14","guid":{"rendered":"https:\/\/www.deporteseli.com\/?product=camisa-under-1361522-001-23-2"},"modified":"2026-03-07T05:39:25","modified_gmt":"2026-03-07T05:39:25","slug":"camisa-under-1361522-001-23-2","status":"publish","type":"product","link":"https:\/\/www.deporteseli.com\/?product=camisa-under-1361522-001-23-2","title":{"rendered":"CAMISA UNDER 1361522-001\/23.2"},"content":{"rendered":"<p>Descripci\u00f3n del producto  Las prendas HeatGear\u00ae son nuestras prendas interiores de alto rendimiento cl\u00e1sicas: aquellas que te pones antes que nada y te quitas al final. Ahora son m\u00e1s c\u00f3modas, ya que capilarizan el sudor y se estiran para que puedas moverte hagas lo que hagas.  Tejido HeatGear\u00ae superligero que ofrece una protecci\u00f3n superior sin a\u00f1adir peso  Paneles de malla en las axilas y la parte trasera para una ventilaci\u00f3n estrat\u00e9gica  Material que capilariza el sudor y se seca r\u00e1pidamente  Dise\u00f1o ergon\u00f3mico que mantiene las costuras alejadas de las zonas de mayor abrasi\u00f3n y aumenta la durabilidad  Dise\u00f1o h\u00edbrido de mangas ragl\u00e1n para ofrecer mayor libertad de movimiento y comodidad                                                                                                                                                                                                                                                                                                                                                                                                                                                                                                                                                                                                                                                                                                                                                                                                                                                                                                                                                                                                                                        <\/p>\n","protected":false},"excerpt":{"rendered":"<p>CAMISA UNDER 1361522-001\/23.2<\/p>\n","protected":false},"featured_media":53971,"template":"","meta":[],"product_brand":[],"product_cat":[245],"product_tag":[81],"class_list":{"0":"post-39926","1":"product","2":"type-product","3":"status-publish","4":"has-post-thumbnail","6":"product_cat-hombre_textil_camisetas","7":"product_tag-under_armour","8":"pa_color-unico","9":"pa_talla-l","10":"pa_talla-s","11":"thunk-woo-product-list","12":"opn-qv-enable","13":"open-woo-hover-","14":"open-single-product-tab-horizontal","15":"open-shadow-","16":"open-shadow-hover-","18":"first","19":"instock","20":"shipping-taxable","21":"purchasable","22":"product-type-variable"},"jetpack_sharing_enabled":true,"_links":{"self":[{"href":"https:\/\/www.deporteseli.com\/index.php?rest_route=\/wp\/v2\/product\/39926","targetHints":{"allow":["GET"]}}],"collection":[{"href":"https:\/\/www.deporteseli.com\/index.php?rest_route=\/wp\/v2\/product"}],"about":[{"href":"https:\/\/www.deporteseli.com\/index.php?rest_route=\/wp\/v2\/types\/product"}],"wp:featuredmedia":[{"embeddable":true,"href":"https:\/\/www.deporteseli.com\/index.php?rest_route=\/wp\/v2\/media\/53971"}],"wp:attachment":[{"href":"https:\/\/www.deporteseli.com\/index.php?rest_route=%2Fwp%2Fv2%2Fmedia&parent=39926"}],"wp:term":[{"taxonomy":"product_brand","embeddable":true,"href":"https:\/\/www.deporteseli.com\/index.php?rest_route=%2Fwp%2Fv2%2Fproduct_brand&post=39926"},{"taxonomy":"product_cat","embeddable":true,"href":"https:\/\/www.deporteseli.com\/index.php?rest_route=%2Fwp%2Fv2%2Fproduct_cat&post=39926"},{"taxonomy":"product_tag","embeddable":true,"href":"https:\/\/www.deporteseli.com\/index.php?rest_route=%2Fwp%2Fv2%2Fproduct_tag&post=39926"}],"curies":[{"name":"wp","href":"https:\/\/api.w.org\/{rel}","templated":true}]}}