{"id":39923,"date":"2026-01-27T18:42:10","date_gmt":"2026-01-27T18:42:10","guid":{"rendered":"https:\/\/www.deporteseli.com\/?product=pantalon-corto-2-en-1-ua-play-up"},"modified":"2026-03-07T05:39:22","modified_gmt":"2026-03-07T05:39:22","slug":"pantalon-corto-2-en-1-ua-play-up","status":"publish","type":"product","link":"https:\/\/www.deporteseli.com\/?product=pantalon-corto-2-en-1-ua-play-up","title":{"rendered":"PANTAL\u00f3N CORTO 2 EN 1 UA PLAY UP"},"content":{"rendered":"<p>Descripci\u00f3n del producto  Todo el mundo necesita un pantal\u00f3n corto favorito. Este modelo se ha confeccionado con un tejido ligero que ofrece frescura y comodidad en todo momento. Su estilo y su tacto te encantar\u00e1n.  Tejido de punto ligero y suave en el pantal\u00f3n corto exterior que ofrece una comodidad y transpirabilidad superiores  Material que capilariza el sudor y se seca r\u00e1pidamente  Acabado antifrisado que a\u00f1ade m\u00e1s durabilidad  Pantal\u00f3n corto de compresi\u00f3n integrado para ofrecer una protecci\u00f3n y una sujeci\u00f3n implacables  Paneles de malla para una mayor transpirabilidad  Cintura el\u00e1stica suave y expuesta con detalle de marca  Pr\u00e1cticos bolsillos laterales                                                                                                                                                                                                                                                                                                                                                                                                                                                                                                                                                                                                                                                                                                                                                                                                                                                                                                                                                                                                                                        <\/p>\n","protected":false},"excerpt":{"rendered":"<p>PANTAL\u00f3N CORTO 2 EN 1 UA PLAY UP<\/p>\n","protected":false},"featured_media":53969,"template":"","meta":[],"product_brand":[],"product_cat":[277],"product_tag":[81],"class_list":{"0":"post-39923","1":"product","2":"type-product","3":"status-publish","4":"has-post-thumbnail","6":"product_cat-mujer_textil_shorts","7":"product_tag-under_armour","8":"pa_color-unico","9":"pa_talla-m","10":"pa_talla-xs","11":"thunk-woo-product-list","12":"opn-qv-enable","13":"open-woo-hover-","14":"open-single-product-tab-horizontal","15":"open-shadow-","16":"open-shadow-hover-","18":"first","19":"instock","20":"shipping-taxable","21":"purchasable","22":"product-type-variable"},"jetpack_sharing_enabled":true,"_links":{"self":[{"href":"https:\/\/www.deporteseli.com\/index.php?rest_route=\/wp\/v2\/product\/39923","targetHints":{"allow":["GET"]}}],"collection":[{"href":"https:\/\/www.deporteseli.com\/index.php?rest_route=\/wp\/v2\/product"}],"about":[{"href":"https:\/\/www.deporteseli.com\/index.php?rest_route=\/wp\/v2\/types\/product"}],"wp:featuredmedia":[{"embeddable":true,"href":"https:\/\/www.deporteseli.com\/index.php?rest_route=\/wp\/v2\/media\/53969"}],"wp:attachment":[{"href":"https:\/\/www.deporteseli.com\/index.php?rest_route=%2Fwp%2Fv2%2Fmedia&parent=39923"}],"wp:term":[{"taxonomy":"product_brand","embeddable":true,"href":"https:\/\/www.deporteseli.com\/index.php?rest_route=%2Fwp%2Fv2%2Fproduct_brand&post=39923"},{"taxonomy":"product_cat","embeddable":true,"href":"https:\/\/www.deporteseli.com\/index.php?rest_route=%2Fwp%2Fv2%2Fproduct_cat&post=39923"},{"taxonomy":"product_tag","embeddable":true,"href":"https:\/\/www.deporteseli.com\/index.php?rest_route=%2Fwp%2Fv2%2Fproduct_tag&post=39923"}],"curies":[{"name":"wp","href":"https:\/\/api.w.org\/{rel}","templated":true}]}}