{"id":39918,"date":"2026-01-27T18:42:03","date_gmt":"2026-01-27T18:42:03","guid":{"rendered":"https:\/\/www.deporteseli.com\/?product=camiseta-de-manga-corta"},"modified":"2026-03-21T05:18:45","modified_gmt":"2026-03-21T05:18:45","slug":"camiseta-de-manga-corta","status":"publish","type":"product","link":"https:\/\/www.deporteseli.com\/?product=camiseta-de-manga-corta","title":{"rendered":"CAMISETA DE MANGA CORTA"},"content":{"rendered":"<p>Encontrar\u00e1s miles de camisetas estampadas, pero ninguna como las de Under Armour. El tejido que utilizamos cuenta con una confecci\u00f3n ligera, suave y de secado r\u00e1pido.  Tejido Charged Cotton\u00ae que ofrece la comodidad del algod\u00f3n pero se seca m\u00e1s r\u00e1pidamente  Confecci\u00f3n con material el\u00e1stico en 4 direcciones que permite una mayor movilidad en cualquier direcci\u00f3n                                                                                                                                                                                                                                                                                                                                                                                                                                                                                                                                                                                                                                                                                                                                                                                                                                                                                                                                                                                                                                        <\/p>\n","protected":false},"excerpt":{"rendered":"<p>CAMISETA DE MANGA CORTA<\/p>\n","protected":false},"featured_media":53968,"template":"","meta":[],"product_brand":[],"product_cat":[245],"product_tag":[81],"class_list":{"0":"post-39918","1":"product","2":"type-product","3":"status-publish","4":"has-post-thumbnail","6":"product_cat-hombre_textil_camisetas","7":"product_tag-under_armour","8":"pa_color-unico","9":"pa_talla-l","10":"pa_talla-m","11":"pa_talla-xl","12":"pa_talla-xxl","13":"thunk-woo-product-list","14":"opn-qv-enable","15":"open-woo-hover-","16":"open-single-product-tab-horizontal","17":"open-shadow-","18":"open-shadow-hover-","20":"first","21":"instock","22":"shipping-taxable","23":"purchasable","24":"product-type-variable"},"jetpack_sharing_enabled":true,"_links":{"self":[{"href":"https:\/\/www.deporteseli.com\/index.php?rest_route=\/wp\/v2\/product\/39918","targetHints":{"allow":["GET"]}}],"collection":[{"href":"https:\/\/www.deporteseli.com\/index.php?rest_route=\/wp\/v2\/product"}],"about":[{"href":"https:\/\/www.deporteseli.com\/index.php?rest_route=\/wp\/v2\/types\/product"}],"wp:featuredmedia":[{"embeddable":true,"href":"https:\/\/www.deporteseli.com\/index.php?rest_route=\/wp\/v2\/media\/53968"}],"wp:attachment":[{"href":"https:\/\/www.deporteseli.com\/index.php?rest_route=%2Fwp%2Fv2%2Fmedia&parent=39918"}],"wp:term":[{"taxonomy":"product_brand","embeddable":true,"href":"https:\/\/www.deporteseli.com\/index.php?rest_route=%2Fwp%2Fv2%2Fproduct_brand&post=39918"},{"taxonomy":"product_cat","embeddable":true,"href":"https:\/\/www.deporteseli.com\/index.php?rest_route=%2Fwp%2Fv2%2Fproduct_cat&post=39918"},{"taxonomy":"product_tag","embeddable":true,"href":"https:\/\/www.deporteseli.com\/index.php?rest_route=%2Fwp%2Fv2%2Fproduct_tag&post=39918"}],"curies":[{"name":"wp","href":"https:\/\/api.w.org\/{rel}","templated":true}]}}