{"id":39912,"date":"2026-01-27T18:41:54","date_gmt":"2026-01-27T18:41:54","guid":{"rendered":"https:\/\/www.deporteseli.com\/?product=puma-zapatillas-multiflex-sl-v"},"modified":"2026-01-27T18:41:57","modified_gmt":"2026-01-27T18:41:57","slug":"puma-zapatillas-multiflex-sl-v","status":"publish","type":"product","link":"https:\/\/www.deporteseli.com\/?product=puma-zapatillas-multiflex-sl-v","title":{"rendered":"PUMA ZAPATILLAS MULTIFLEX SL V"},"content":{"rendered":"<p>Con los entrenadores Multiflex, tus peque\u00f1os estar\u00e1n listos para jugar todo el d\u00eda. Con un cierre de velcro y trabillas en el tal\u00f3n y la leng\u00fceta para pon\u00e9rselos y quit\u00e1rselos con facilidad, ajuste y empeine mejorados y una suela exterior de goma duradera para una tracci\u00f3n superior, estos tenis limpios y cl\u00e1sicos mantendr\u00e1n contentos a los pies peque\u00f1os.      Caracter\u00edsticas:    &#8211; Empeine Sint\u00e9tico  &#8211; Entresuela de goma  &#8211; Suela de goma que no deja marcas  &#8211; Cierre de velcro para un ajuste ce\u00f1ido  &#8211; Logotipo del felino de Puma en la leng\u00fceta  Puma Formstrip en los lados medial y lateral  &#8211; Marca Puma en las herramientas laterales                                                                                                                                                                                                                                                                                                                                                                                                                                                                                                                                                                                                                                                                                                                                                                                                                                                                                                                                                                                                                                        <\/p>\n","protected":false},"excerpt":{"rendered":"<p>PUMA ZAPATILLAS MULTIFLEX SL V<\/p>\n","protected":false},"featured_media":53963,"template":"","meta":[],"product_brand":[],"product_cat":[310],"product_tag":[32],"class_list":{"0":"post-39912","1":"product","2":"type-product","3":"status-publish","4":"has-post-thumbnail","6":"product_cat-nino_calzado_casual","7":"product_tag-puma","8":"pa_color-unico","9":"pa_talla-127","10":"pa_talla-133","11":"thunk-woo-product-list","12":"opn-qv-enable","13":"open-woo-hover-","14":"open-single-product-tab-horizontal","15":"open-shadow-","16":"open-shadow-hover-","18":"first","19":"instock","20":"sale","21":"shipping-taxable","22":"purchasable","23":"product-type-variable"},"jetpack_sharing_enabled":true,"_links":{"self":[{"href":"https:\/\/www.deporteseli.com\/index.php?rest_route=\/wp\/v2\/product\/39912","targetHints":{"allow":["GET"]}}],"collection":[{"href":"https:\/\/www.deporteseli.com\/index.php?rest_route=\/wp\/v2\/product"}],"about":[{"href":"https:\/\/www.deporteseli.com\/index.php?rest_route=\/wp\/v2\/types\/product"}],"wp:featuredmedia":[{"embeddable":true,"href":"https:\/\/www.deporteseli.com\/index.php?rest_route=\/wp\/v2\/media\/53963"}],"wp:attachment":[{"href":"https:\/\/www.deporteseli.com\/index.php?rest_route=%2Fwp%2Fv2%2Fmedia&parent=39912"}],"wp:term":[{"taxonomy":"product_brand","embeddable":true,"href":"https:\/\/www.deporteseli.com\/index.php?rest_route=%2Fwp%2Fv2%2Fproduct_brand&post=39912"},{"taxonomy":"product_cat","embeddable":true,"href":"https:\/\/www.deporteseli.com\/index.php?rest_route=%2Fwp%2Fv2%2Fproduct_cat&post=39912"},{"taxonomy":"product_tag","embeddable":true,"href":"https:\/\/www.deporteseli.com\/index.php?rest_route=%2Fwp%2Fv2%2Fproduct_tag&post=39912"}],"curies":[{"name":"wp","href":"https:\/\/api.w.org\/{rel}","templated":true}]}}