{"id":39903,"date":"2026-01-27T18:41:41","date_gmt":"2026-01-27T18:41:41","guid":{"rendered":"https:\/\/www.deporteseli.com\/?product=sudadera-nino-a-adidas"},"modified":"2026-03-07T05:39:11","modified_gmt":"2026-03-07T05:39:11","slug":"sudadera-nino-a-adidas","status":"publish","type":"product","link":"https:\/\/www.deporteseli.com\/?product=sudadera-nino-a-adidas","title":{"rendered":"SUDADERA NI\u00f1O\/A ADIDAS"},"content":{"rendered":"<p>  Descripci\u00f3n  Calienta o rel\u00e1jate despu\u00e9s de entrenar con la sudadera con capucha de entrenamiento juvenil de adidas. Confeccionada con un suave tejido French Terry, tiene un corte entallado con control de humedad AEROREADY para mantenerte seco. El dise\u00f1o de cremallera completa permite un ajuste instant\u00e1neo. Las cl\u00e1sicas 3 rayas y un logotipo deportivo completan el look. Este producto est\u00e1 fabricado con materiales 100% reciclados y es solo una de nuestras soluciones para ayudar a eliminar la contaminaci\u00f3n pl\u00e1stica. Sudadera con capucha suave y con cremallera completa fabricada con materiales reciclados. Corte entallado. Cremallera completa y capucha. Tejido de rizo, 100 % poli\u00e9ster reciclado. AEROREADY. Bolsillos delanteros.                                                                                                                                                                                                                                                                                                                                                                                                                                                                                                                                                                                                                                                                                                                                                                                                                                                                                                                                                                                                                                        <\/p>\n","protected":false},"excerpt":{"rendered":"<p>SUDADERA NI\u00f1O\/A ADIDAS<\/p>\n","protected":false},"featured_media":53956,"template":"","meta":[],"product_brand":[],"product_cat":[302],"product_tag":[18],"class_list":{"0":"post-39903","1":"product","2":"type-product","3":"status-publish","4":"has-post-thumbnail","6":"product_cat-nino_textil_sudaderas","7":"product_tag-adidas","8":"pa_color-unico","9":"pa_talla-t-10","10":"pa_talla-t-12","11":"pa_talla-t-8","12":"thunk-woo-product-list","13":"opn-qv-enable","14":"open-woo-hover-","15":"open-single-product-tab-horizontal","16":"open-shadow-","17":"open-shadow-hover-","19":"first","20":"instock","21":"shipping-taxable","22":"purchasable","23":"product-type-variable"},"jetpack_sharing_enabled":true,"_links":{"self":[{"href":"https:\/\/www.deporteseli.com\/index.php?rest_route=\/wp\/v2\/product\/39903","targetHints":{"allow":["GET"]}}],"collection":[{"href":"https:\/\/www.deporteseli.com\/index.php?rest_route=\/wp\/v2\/product"}],"about":[{"href":"https:\/\/www.deporteseli.com\/index.php?rest_route=\/wp\/v2\/types\/product"}],"wp:featuredmedia":[{"embeddable":true,"href":"https:\/\/www.deporteseli.com\/index.php?rest_route=\/wp\/v2\/media\/53956"}],"wp:attachment":[{"href":"https:\/\/www.deporteseli.com\/index.php?rest_route=%2Fwp%2Fv2%2Fmedia&parent=39903"}],"wp:term":[{"taxonomy":"product_brand","embeddable":true,"href":"https:\/\/www.deporteseli.com\/index.php?rest_route=%2Fwp%2Fv2%2Fproduct_brand&post=39903"},{"taxonomy":"product_cat","embeddable":true,"href":"https:\/\/www.deporteseli.com\/index.php?rest_route=%2Fwp%2Fv2%2Fproduct_cat&post=39903"},{"taxonomy":"product_tag","embeddable":true,"href":"https:\/\/www.deporteseli.com\/index.php?rest_route=%2Fwp%2Fv2%2Fproduct_tag&post=39903"}],"curies":[{"name":"wp","href":"https:\/\/api.w.org\/{rel}","templated":true}]}}